{"id":81,"date":"2020-05-18T11:12:00","date_gmt":"2020-05-18T09:12:00","guid":{"rendered":"http:\/\/olesnicaslw.archidiecezja.wroc.pl\/NOWASTRONA2019\/?page_id=81"},"modified":"2023-01-13T13:50:11","modified_gmt":"2023-01-13T12:50:11","slug":"parafia","status":"publish","type":"page","link":"http:\/\/olesnicaslw.archidiecezja.wroc.pl\/index.php\/parafia\/","title":{"rendered":"Parafia"},"content":{"rendered":"<p><strong>Rzymsko \u2013 Katolicka Parafia<\/strong><\/p>\n<p><strong>pw. Naj\u015bwi\u0119tszej Maryi Panny Matki Mi\u0142osierdzia<\/strong><\/p>\n<p><strong>ul. Wile\u0144ska 4;\u00a056-400 Ole\u015bnica<\/strong><\/p>\n<p><strong>Telefon:<\/strong> <strong>+48<\/strong> <strong>71 314-44-60 (w godzinach urz\u0119dowania kancelarii)<\/strong><\/p>\n<p><strong>W sprawach najpilniejszych prosimy o kontakt z ksi\u0119dzem dy\u017curnym<\/strong><\/p>\n<p><strong>tel. +48 781 30 05 39<\/strong><\/p>\n<p>Strona www: http:\/\/www.olesnicaslw.archidiecezja.wroc.pl<\/p>\n<p><strong>Nr konta parafii: 70 1020 5297 0000 1502 0138 1490<\/strong><\/p>\n<p>E-mail:\u00a0<a href=\"mailto:olesnicaslw@archidiecezja.wroc.pl\">olesnicaslw@archidiecezja.wroc.pl<\/a><\/p>\n<p><strong>KONTAKT DO ADMINISTRACJI STRONY:<\/strong><\/p>\n<p><strong>E-mail:<\/strong>\u00a0<a href=\"mailto:Parafia.olesnica01@wp.pl\">Parafia.olesnica01@wp.pl<\/a><\/p>\n","protected":false},"excerpt":{"rendered":"<p>Rzymsko \u2013 Katolicka Parafia pw. Naj\u015bwi\u0119tszej Maryi Panny Matki Mi\u0142osierdzia ul. Wile\u0144ska 4;\u00a056-400 Ole\u015bnica Telefon: +48 71 314-44-60 (w godzinach urz\u0119dowania kancelarii) W sprawach najpilniejszych prosimy o kontakt z ksi\u0119dzem dy\u017curnym tel. +48 781 30 05 39 Strona www: http:\/\/www.olesnicaslw.archidiecezja.wroc.pl Nr konta parafii: 70 1020 5297 0000 1502 0138 1490 &hellip;<\/p>\n","protected":false},"author":1,"featured_media":97,"parent":0,"menu_order":0,"comment_status":"closed","ping_status":"closed","template":"","meta":[],"_links":{"self":[{"href":"http:\/\/olesnicaslw.archidiecezja.wroc.pl\/index.php\/wp-json\/wp\/v2\/pages\/81"}],"collection":[{"href":"http:\/\/olesnicaslw.archidiecezja.wroc.pl\/index.php\/wp-json\/wp\/v2\/pages"}],"about":[{"href":"http:\/\/olesnicaslw.archidiecezja.wroc.pl\/index.php\/wp-json\/wp\/v2\/types\/page"}],"author":[{"embeddable":true,"href":"http:\/\/olesnicaslw.archidiecezja.wroc.pl\/index.php\/wp-json\/wp\/v2\/users\/1"}],"replies":[{"embeddable":true,"href":"http:\/\/olesnicaslw.archidiecezja.wroc.pl\/index.php\/wp-json\/wp\/v2\/comments?post=81"}],"version-history":[{"count":10,"href":"http:\/\/olesnicaslw.archidiecezja.wroc.pl\/index.php\/wp-json\/wp\/v2\/pages\/81\/revisions"}],"predecessor-version":[{"id":3069,"href":"http:\/\/olesnicaslw.archidiecezja.wroc.pl\/index.php\/wp-json\/wp\/v2\/pages\/81\/revisions\/3069"}],"wp:featuredmedia":[{"embeddable":true,"href":"http:\/\/olesnicaslw.archidiecezja.wroc.pl\/index.php\/wp-json\/wp\/v2\/media\/97"}],"wp:attachment":[{"href":"http:\/\/olesnicaslw.archidiecezja.wroc.pl\/index.php\/wp-json\/wp\/v2\/media?parent=81"}],"curies":[{"name":"wp","href":"https:\/\/api.w.org\/{rel}","templated":true}]}}