{"id":76,"date":"2020-05-16T17:27:56","date_gmt":"2020-05-16T15:27:56","guid":{"rendered":"http:\/\/olesnicaslw.archidiecezja.wroc.pl\/NOWASTRONA2019\/?page_id=76"},"modified":"2025-09-20T12:03:00","modified_gmt":"2025-09-20T10:03:00","slug":"kontakt","status":"publish","type":"page","link":"http:\/\/olesnicaslw.archidiecezja.wroc.pl\/index.php\/kontakt\/","title":{"rendered":"Kontakt"},"content":{"rendered":"<p><span style=\"color: #ff0000;\"><strong>Rzymsko &#8211; Katolicka Parafia<\/strong><\/span><\/p>\n<p><span style=\"color: #ff0000;\"><strong>pw. Naj\u015bwi\u0119tszej Maryi Panny Matki Mi\u0142osierdzia<\/strong><\/span><\/p>\n<p><span style=\"color: #ff0000;\"><strong>ul. Wile\u0144ska 4;\u00a056-400 Ole\u015bnica<\/strong><\/span><\/p>\n<p><strong>Telefon: +48<\/strong>\u00a0<strong>71 314-44-60 (w godzinach urz\u0119dowania kancelarii)<\/strong><\/p>\n<p><strong>W sprawach pilnych prosimy o kontakt z ksi\u0119dzem dy\u017curnym <\/strong><strong>tel. +48 781 30 05 39<\/strong><\/p>\n<p>Strona www: http:\/\/www.olesnicaslw.archidiecezja.wroc.pl<\/p>\n<p><strong>Nr konta parafii: 70 1020 5297 0000 1502 0138 1490<\/strong><\/p>\n<p>E-mail:\u00a0<a href=\"mailto:olesnicaslw@archidiecezja.wroc.pl\">olesnicaslw@archidiecezja.wroc.pl<\/a><\/p>\n<p><strong>KONTAKT DO ADMINISTRACJI STRONY:\u00a0 \u00a0 \u00a0 \u00a0 \u00a0 \u00a0 \u00a0 \u00a0 \u00a0 \u00a0 \u00a0 \u00a0<\/strong><\/p>\n<p><strong>E-mail:<\/strong>\u00a0<a href=\"mailto:Parafia.olesnica01@wp.pl\">Parafia.olesnica01@wp.pl<\/a><\/p>\n","protected":false},"excerpt":{"rendered":"<p>Rzymsko &#8211; Katolicka Parafia pw. Naj\u015bwi\u0119tszej Maryi Panny Matki Mi\u0142osierdzia ul. Wile\u0144ska 4;\u00a056-400 Ole\u015bnica Telefon: +48\u00a071 314-44-60 (w godzinach urz\u0119dowania kancelarii) W sprawach pilnych prosimy o kontakt z ksi\u0119dzem dy\u017curnym tel. +48 781 30 05 39 Strona www: http:\/\/www.olesnicaslw.archidiecezja.wroc.pl Nr konta parafii: 70 1020 5297 0000 1502 0138 1490 E-mail:\u00a0olesnicaslw@archidiecezja.wroc.pl &hellip;<\/p>\n","protected":false},"author":1,"featured_media":0,"parent":0,"menu_order":0,"comment_status":"closed","ping_status":"closed","template":"","meta":[],"_links":{"self":[{"href":"http:\/\/olesnicaslw.archidiecezja.wroc.pl\/index.php\/wp-json\/wp\/v2\/pages\/76"}],"collection":[{"href":"http:\/\/olesnicaslw.archidiecezja.wroc.pl\/index.php\/wp-json\/wp\/v2\/pages"}],"about":[{"href":"http:\/\/olesnicaslw.archidiecezja.wroc.pl\/index.php\/wp-json\/wp\/v2\/types\/page"}],"author":[{"embeddable":true,"href":"http:\/\/olesnicaslw.archidiecezja.wroc.pl\/index.php\/wp-json\/wp\/v2\/users\/1"}],"replies":[{"embeddable":true,"href":"http:\/\/olesnicaslw.archidiecezja.wroc.pl\/index.php\/wp-json\/wp\/v2\/comments?post=76"}],"version-history":[{"count":14,"href":"http:\/\/olesnicaslw.archidiecezja.wroc.pl\/index.php\/wp-json\/wp\/v2\/pages\/76\/revisions"}],"predecessor-version":[{"id":3618,"href":"http:\/\/olesnicaslw.archidiecezja.wroc.pl\/index.php\/wp-json\/wp\/v2\/pages\/76\/revisions\/3618"}],"wp:attachment":[{"href":"http:\/\/olesnicaslw.archidiecezja.wroc.pl\/index.php\/wp-json\/wp\/v2\/media?parent=76"}],"curies":[{"name":"wp","href":"https:\/\/api.w.org\/{rel}","templated":true}]}}