{"id":6389,"date":"2026-05-11T12:06:32","date_gmt":"2026-05-11T10:06:32","guid":{"rendered":"http:\/\/olesnicaslw.archidiecezja.wroc.pl\/?page_id=6389"},"modified":"2026-05-11T12:06:32","modified_gmt":"2026-05-11T10:06:32","slug":"liturgiczna-sluzba-oltarza-2","status":"publish","type":"page","link":"http:\/\/olesnicaslw.archidiecezja.wroc.pl\/index.php\/liturgiczna-sluzba-oltarza-2\/","title":{"rendered":"Liturgiczna S\u0142u\u017cba O\u0142tarza"},"content":{"rendered":"<p><strong>I TY MO\u017bESZ ZOSTA\u0106 MINISTRANTEM !<\/strong><\/p>\n<h2>Jak zosta\u0107 ministrantem?<\/h2>\n<p>Wystarczy podej\u015b\u0107\u00a0 do zakrystii i zapyta\u0107.<\/p>\n<p><strong>Zapraszamy ch\u0119tnych ch\u0142opc\u00f3w do s\u0142u\u017cby przy Chrystusowym O\u0142tarzu. !!!<\/strong><\/p>\n<p><strong>Spotkania ministrant\u00f3w m\u0142odszych i kandydat\u00f3w odbywaj\u0105 si\u0119 soboty o godz. 9.00<\/strong><\/p>\n<p>Opiekun \u2013 ks. Pawe\u0142<\/p>\n<h2>Zasady ministranta<\/h2>\n<ol>\n<li>Ministrant kocha Boga i dla Jego chwa\u0142y wzorowo spe\u0142nia swe obowi\u0105zki s\u0142u\u017cby o\u0142tarza.<\/li>\n<li>Ministrant s\u0142u\u017cy Chrystusowi Panu w ludziach.<\/li>\n<li>Ministrant rozwija w sobie Bo\u017ce \u017cycie.<\/li>\n<li>Ministrant pracuje nad swoim charakterem i czuwa nad czysto\u015bci\u0105 serca i duszy.<\/li>\n<li>Ministrant poznaje liturgi\u0119 i ni\u0105 \u017cyje.<\/li>\n<li>Ministrant modli si\u0119 za ojczyzn\u0119 i s\u0142u\u017cy jej rzeteln\u0105 prac\u0105.<\/li>\n<li>Ministrant jest dobrym synem i bratem.<\/li>\n<li>Ministrant swoj\u0105 chrze\u015bcija\u0144sk\u0105 postaw\u0105 wnosi wsz\u0119dzie prawdziw\u0105 rado\u015b\u0107.<\/li>\n<li>Ministrant przez swoj\u0105 pilno\u015b\u0107 i sumienno\u015b\u0107 staje si\u0119 przyk\u0142adem dla innych.<\/li>\n<li>Ministrant podobnie jak kap\u0142an stara si\u0119 by\u0107 niejako drugim Chrystusem.<\/li>\n<\/ol>\n<p>&nbsp;<\/p>\n","protected":false},"excerpt":{"rendered":"<p>I TY MO\u017bESZ ZOSTA\u0106 MINISTRANTEM ! Jak zosta\u0107 ministrantem? Wystarczy podej\u015b\u0107\u00a0 do zakrystii i zapyta\u0107. Zapraszamy ch\u0119tnych ch\u0142opc\u00f3w do s\u0142u\u017cby przy Chrystusowym O\u0142tarzu. !!! Spotkania ministrant\u00f3w m\u0142odszych i kandydat\u00f3w odbywaj\u0105 si\u0119 soboty o godz. 9.00 Opiekun \u2013 ks. Pawe\u0142 Zasady ministranta Ministrant kocha Boga i dla Jego chwa\u0142y wzorowo spe\u0142nia &hellip;<\/p>\n","protected":false},"author":1,"featured_media":0,"parent":0,"menu_order":0,"comment_status":"closed","ping_status":"closed","template":"","meta":[],"_links":{"self":[{"href":"http:\/\/olesnicaslw.archidiecezja.wroc.pl\/index.php\/wp-json\/wp\/v2\/pages\/6389"}],"collection":[{"href":"http:\/\/olesnicaslw.archidiecezja.wroc.pl\/index.php\/wp-json\/wp\/v2\/pages"}],"about":[{"href":"http:\/\/olesnicaslw.archidiecezja.wroc.pl\/index.php\/wp-json\/wp\/v2\/types\/page"}],"author":[{"embeddable":true,"href":"http:\/\/olesnicaslw.archidiecezja.wroc.pl\/index.php\/wp-json\/wp\/v2\/users\/1"}],"replies":[{"embeddable":true,"href":"http:\/\/olesnicaslw.archidiecezja.wroc.pl\/index.php\/wp-json\/wp\/v2\/comments?post=6389"}],"version-history":[{"count":1,"href":"http:\/\/olesnicaslw.archidiecezja.wroc.pl\/index.php\/wp-json\/wp\/v2\/pages\/6389\/revisions"}],"predecessor-version":[{"id":6390,"href":"http:\/\/olesnicaslw.archidiecezja.wroc.pl\/index.php\/wp-json\/wp\/v2\/pages\/6389\/revisions\/6390"}],"wp:attachment":[{"href":"http:\/\/olesnicaslw.archidiecezja.wroc.pl\/index.php\/wp-json\/wp\/v2\/media?parent=6389"}],"curies":[{"name":"wp","href":"https:\/\/api.w.org\/{rel}","templated":true}]}}