{"id":6378,"date":"2026-05-11T11:51:00","date_gmt":"2026-05-11T09:51:00","guid":{"rendered":"http:\/\/olesnicaslw.archidiecezja.wroc.pl\/?page_id=6378"},"modified":"2026-05-11T11:51:00","modified_gmt":"2026-05-11T09:51:00","slug":"pielgrzymka-do-fatimy-tuy-pontevedry","status":"publish","type":"page","link":"http:\/\/olesnicaslw.archidiecezja.wroc.pl\/index.php\/pielgrzymka-do-fatimy-tuy-pontevedry\/","title":{"rendered":"Pielgrzymka do Fatimy , Tuy , Pontevedry"},"content":{"rendered":"<p><b>PIELGRZYMKA DO FATIMY<\/b><\/p>\n<p>TRASA FATIMSKA. NOWE MIEJSCA<\/p>\n<div class=\"naglowek\"><strong>Termin: 12.08.2026 \u2013 19.08.2026\u00a0<i class=\"fa fa-2x fa-usd\" aria-hidden=\"true\"><\/i>\u00a0Cena od 5290 PLN<\/strong><\/div>\n<p><strong>ZAPISY PRZEZ LINK:<\/strong>\u00a0\u00a0https:\/\/grupy.misjatravel.pl\/olesnica-wschod<\/p>\n<h6>lub pod numerem tel.<strong>\u00a061 333 22 38<\/strong><\/h6>\n<p>WI\u0118CEJ INFORMACJI U KSIEDZA PAW\u0141A<\/p>\n<p>tel. 693404804<\/p>\n<div class=\"naglowek\"><strong>Program:<\/strong><\/div>\n<p>Dzie\u0144 1<br \/>\nPrzyjazd na lotnisko we Wroc\u0142awiu, odprawy, wylot i rozpocz\u0119cie pielgrzymki do Portugalii. Przejazd do Fatimy, zakwaterowanie, kolacja (je\u015bli godzina przylotu na to pozwoli), nocleg.<\/p>\n<p>Dzie\u0144 2<br \/>\n\u015aniadanie, Msza \u015bw. Zwiedzanie\u00a0<strong>sanktuarium fatimskiego\u00a0<\/strong>\u2013 kaplica objawie\u0144, stoj\u0105ca w miejscu objawie\u0144 Matki Bo\u017cej tr\u00f3jce ma\u0142ych pastuszk\u00f3w \u2013\u00a0\u0141ucji, Franciszkowi i Hiacyncie, bazylika Matki Bo\u017cej R\u00f3\u017ca\u0144cowej, nowa bazylika\u00a0Tr\u00f3jcy Przejnaj\u015bwi\u0119tszej. Nast\u0119pnie nawiedzenie miejsc zwi\u0105zanych z \u017cyciem Pastuszk\u00f3w, odwiedziny w muzeum pastuszk\u00f3w.\u00a0\u00a0Uczestnictwo w drodze krzy\u017cowej prowadz\u0105cej do\u00a0Valinhos, miejsca objawie\u0144 Anio\u0142a Portugalii oraz do wioski\u00a0Aljustrel, gdzie znajduj\u0105 si\u0119 domy rodzinne Franciszka, Hiacynty i \u0141ucji. Kolacja i nocleg.<\/p>\n<p>Dzie\u0144 3<br \/>\n\u015aniadanie, przejazd do\u00a0<strong>Lizbony<\/strong>, zwiedzanie\u00a0\u2013\u00a0dzielnica Belem\u00a0z pi\u0119knym szesnastowiecznym klasztorem Hieronimit\u00f3w wybudowanym w charakterystycznym dla Portugalii stylu manueli\u0144skim, Pomnik Odkrywc\u00f3w, kt\u00f3rzy z Lizbony wyruszali na podb\u00f3j Nowego \u015awiata, katedra Se,\u00a0ko\u015bci\u00f3\u0142 \u015bw. Antoniego z Lizbony,\u00a0stoj\u0105cy w miejscu domu narodzin \u015awi\u0119tego, Msza \u015bw., zabytkowa \u015bredniowieczna dzielnica Alfama.\u00a0Potem spacer po dzielnicy Baixa, Praca do\u00a0Comercio oraz Rua Augusta. Powr\u00f3t do Fatimy, kolacja i nocleg.<\/p>\n<p>Dzie\u0144 4<\/p>\n<p>Msza \u015bw. i \u015bniadanie.\u00a0Potem indywidualny pobyt w Fatimie. Po kolacji dla ch\u0119tnych udzia\u0142 w r\u00f3\u017ca\u0144cu i procesji ze \u015bwiecami, nocleg.<\/p>\n<p>Dzie\u0144 5<br \/>\nMsza \u015bw., \u015bniadanie, wykwaterowanie, przejazd do\u00a0<strong>Coimbry<\/strong>,\u00a0jednego z najatrakcyjniejszych miast w Portugalii i\u00a0dawnej stolicy kraju. Zwiedzanie Uniwersytetu (najstarszy o\u015brodek akademicki w kraju) \u2013 wizyta z zewn\u0105trz, spacer przez Stare Miasto z wizyt\u0105 w Starej\u00a0Katedrze, dzielnica Almedina oraz ulica handlowa w dawnej dzielnicy kupieckiej przy rzece Mondego. Nast\u0119pnie nawiedzenie sanktuarium Dobrego Jezusa w\u00a0<strong>Bradze<\/strong>, pi\u0119knie po\u0142o\u017conego na wzg\u00f3rzu. Zakwaterowanie w Bradze,\u00a0 kolacja i nocleg.<\/p>\n<p>Dzie\u0144 6<br \/>\n\u015aniadanie, Msza \u015bw., nast\u0119pnie przejazd do\u00a0<strong>Tui<\/strong>, zwiedzanie roma\u0144sko-gotyckiej\u00a0 katedry Santa Mar\u00eda de Tui, z kt\u00f3rej rozci\u0105ga si\u0119 widok na Portugali\u0119 i okoliczne wzg\u00f3rza oraz klasztoru, gdzie przebywa\u0142a siostra \u0141ucja. Nast\u0119pnie przejazd do\u00a0<strong>Pontevedry,<\/strong>\u00a0a tam\u00a0Santuario de la Peregrina \u2013 \u015bwi\u0105tynia z ko\u0144ca XVIII wieku, w kszta\u0142cie muszli,\u00a0Santuario de las Apariciones \u2013\u00a0\u00a0miejsce objawie\u0144 \u00a0siostry \u0141ucji, nast\u0119pnie spacer po historycznym\u00a0 \u00a0centrum \u2013 pe\u0142ne plac\u00f3w (np. Plaza de la Ferrer\u00eda), ko\u015bcio\u0142\u00f3w i ciekawych kamienic. Czas wolny. Zakwaterowanie, kolacja i nocleg.<\/p>\n<p>Dzie\u0144 7<br \/>\nPo \u015bniadaniu wyjazd na p\u00f3\u0142noc Portugalii i zwiedzanie\u00a0<strong>Porto<\/strong>\u00a0\u2013 miasta s\u0142yn\u0105cego ze wspania\u0142ych win. Spacer po mie\u015bcie, gdzie zobaczymy mi\u0119dzy innymi Wie\u017c\u0119 Kleryk\u00f3w, pi\u0119kny park Cordoaria i uznawan\u0105 za najpi\u0119kniejsz\u0105 na \u015bwiecie ksi\u0119garni\u0119 Lello (bez wst\u0119pu). Nast\u0119pnie udamy si\u0119 na dworzec Sao Bento, kt\u00f3rego wn\u0119trze zdobi ponad 20 tysi\u0119cy pi\u0119knych p\u0142ytek azulejos, Plac Henryka \u017beglarza oraz Ribeir\u0119 \u2013 nabrze\u017ce rzeki Douro. Na koniec spacer s\u0142ynnym mostem Ludwika I i zwiedzanie magazyn\u00f3w wina porto po\u0142\u0105czone z degustacj\u0105.\u00a0Przejazd do hotelu w Fatimie.<\/p>\n<p>Dzie\u0144 8<br \/>\n\u015aniadanie,\u00a0potem pobyt w\u00a0<strong>Santarem<\/strong>,\u00a0zwanym cz\u0119sto \u201eportugalsk\u0105 stolic\u0105 gotyku\u201d. Nawiedzenie Sanktuarium Cudu Eucharystycznego, gdzie odb\u0119dzie si\u0119 Msza \u015awi\u0119ta.\u00a0 Nast\u0119pnie\u00a0\u00a0spacer po miasteczku obejmuj\u0105cy m.in. klasztor \u015bw. Franciszka, ko\u015bci\u00f3\u0142 \u015bw. Jana, z s\u0105siedni\u0105 Torre das Cabacas, Plac Bandeira, b\u0119d\u0105cy bram\u0105 do sieci urokliwych uliczek. Znajdziemy tu m.in. autenyczne miejscowe cukiernie, serwuj\u0105ce przes\u0142odkie\u00a0Pampilhos. Na koniec dnia wizyta w\u00a0Grutas Moedas\u00a0\u2013 to kompleks pod\u015bwietlonych wapiennych grot I jaski\u0144. wype\u0142nionych fantazyjnymi stalaktytami, stalagmitami i stalagnatami. Po zwiedzaniu wizyta w niewielkim Muzeum Minera\u0142\u00f3w. P\u00f3\u017anym popo\u0142udniem przejazd na lotnisko, powr\u00f3t do Polski. Zako\u0144czenie pielgrzymki.<\/p>\n<div class=\"naglowek\">Cena zawiera:<\/div>\n<ul class=\"ul1\">\n<li class=\"hideX\">przelot Wroc\u0142aw \u2013 Porto \u2013 Wroc\u0142aw\u00a0z baga\u017cem podr\u0119cznym\u00a040x30x20 cm oraz baga\u017cem rejestrowanym do 20 kg\u00a0\u00a0<i class=\"fa fa-check pull-left\"><\/i><\/li>\n<li class=\"hideX\">przejazdy po Hiszpanii i Portugalii autobusem,<i class=\"fa fa-check pull-left\"><\/i><\/li>\n<li class=\"hideX\">7 nocleg\u00f3w w hotelach ***\/**** , pokoje 2\/3-osobowe z \u0142azienkami,\u00a0<i class=\"fa fa-check pull-left\"><\/i><\/li>\n<li class=\"hideX\">7 \u015bniada\u0144, 6 lub 7 kolacji (zale\u017cnie od godziny przylotu 1. dnia)<i class=\"fa fa-check pull-left\"><\/i><\/li>\n<li class=\"hideX\">opiek\u0119 duchow\u0105 i Msze \u015bw,<i class=\"fa fa-check pull-left\"><\/i><\/li>\n<li class=\"hideX\">opiek\u0119 pilota wycieczek,<i class=\"fa fa-check pull-left\"><\/i><\/li>\n<li class=\"hideX\">obowi\u0105zkowe\u00a0sk\u0142adki\u00a0na Turystyczny Fundusz Gwarancyjny oraz na Turystyczny Fundusz Pomocowy,\u00a0<i class=\"fa fa-check pull-left\"><\/i><\/li>\n<li class=\"hideX\">ubezpieczenie w firmie Signal Iduna (KL + choroby przewlek\u0142e 30 000 euro, NNW 15 000 z\u0142, BP 1000 z\u0142).<i class=\"fa fa-check pull-left\"><\/i><\/li>\n<\/ul>\n<div class=\"naglowek\">Cena nie zawiera:<\/div>\n<ul>\n<li class=\"hideX\">lokalnych przewodnik\u00f3w, bilet\u00f3w wst\u0119pu do zwiedzanych obiekt\u00f3w wraz z kosztami ich rezerwacji, op\u0142at wjazdowych, miejscowych i paliwowych,\u00a0 zwyczajowych napiwk\u00f3w oraz s\u0142uchawek systemu Tour Guide \u2013\u00a0<strong>obowi\u0105zkowy\u00a0koszt 200 euro\/os., p\u0142atne pilotowi<\/strong>;<i class=\"fa fa-times pull-left\"><\/i><\/li>\n<\/ul>\n<div class=\"naglowek\">Uwagi:<\/div>\n<ul>\n<li>Dodatkowy koszt zbierany na miejscu 200 euro \/ osob\u0119. Prosimy o przygotowanie odliczonej kwoty w banknotach<\/li>\n<li>Na oko\u0142o tydzie\u0144 przed wylotem Biuro Misja Travel przy\u015ble ostateczne godziny przelotu, kt\u00f3re mog\u0105 r\u00f3\u017cni\u0107 si\u0119 od podanych w momencie zawarcia umowy<\/li>\n<li>Pami\u0119taj, \u017ce pilot grupy mo\u017ce lecie\u0107 z innego lotniska ni\u017c Twoje, oczekiwa\u0107 na grup\u0119 w porcie docelowym lub w hotelu. Transfer lotnisko-hotel-lotnisko mo\u017ce odby\u0107 si\u0119 pod opiek\u0105 pilota, lokalnego przewodnika lub miejscowego kierowcy. Karty pok\u0142adowe otrzymasz od naszego przedstawiciela, na lotnisku lub drog\u0105 mailow\u0105 (zale\u017cnie od liczby uczestnik\u00f3w lec\u0105cych z danego lotniska). Pilot mo\u017ce r\u00f3wnie\u017c wraca\u0107 innym rejsem, ni\u017c Tw\u00f3j.<\/li>\n<li>Zalecamy zabra\u0107 z sob\u0105 na wyjazd telefon z aktywnym roamingiem<\/li>\n<li>Kolejno\u015b\u0107 zwiedzania mo\u017ce ulec zmianie<\/li>\n<\/ul>\n<p><strong>Link do zapis\u00f3w<\/strong>\u00a0: https:\/\/grupy.misjatravel.pl\/olesnica-wschod<\/p>\n<p>&nbsp;<\/p>\n","protected":false},"excerpt":{"rendered":"<p>PIELGRZYMKA DO FATIMY TRASA FATIMSKA. NOWE MIEJSCA Termin: 12.08.2026 \u2013 19.08.2026\u00a0\u00a0Cena od 5290 PLN ZAPISY PRZEZ LINK:\u00a0\u00a0https:\/\/grupy.misjatravel.pl\/olesnica-wschod lub pod numerem tel.\u00a061 333 22 38 WI\u0118CEJ INFORMACJI U KSIEDZA PAW\u0141A tel. 693404804 Program: Dzie\u0144 1 Przyjazd na lotnisko we Wroc\u0142awiu, odprawy, wylot i rozpocz\u0119cie pielgrzymki do Portugalii. Przejazd do Fatimy, zakwaterowanie, &hellip;<\/p>\n","protected":false},"author":1,"featured_media":6115,"parent":0,"menu_order":0,"comment_status":"closed","ping_status":"closed","template":"","meta":[],"_links":{"self":[{"href":"http:\/\/olesnicaslw.archidiecezja.wroc.pl\/index.php\/wp-json\/wp\/v2\/pages\/6378"}],"collection":[{"href":"http:\/\/olesnicaslw.archidiecezja.wroc.pl\/index.php\/wp-json\/wp\/v2\/pages"}],"about":[{"href":"http:\/\/olesnicaslw.archidiecezja.wroc.pl\/index.php\/wp-json\/wp\/v2\/types\/page"}],"author":[{"embeddable":true,"href":"http:\/\/olesnicaslw.archidiecezja.wroc.pl\/index.php\/wp-json\/wp\/v2\/users\/1"}],"replies":[{"embeddable":true,"href":"http:\/\/olesnicaslw.archidiecezja.wroc.pl\/index.php\/wp-json\/wp\/v2\/comments?post=6378"}],"version-history":[{"count":1,"href":"http:\/\/olesnicaslw.archidiecezja.wroc.pl\/index.php\/wp-json\/wp\/v2\/pages\/6378\/revisions"}],"predecessor-version":[{"id":6379,"href":"http:\/\/olesnicaslw.archidiecezja.wroc.pl\/index.php\/wp-json\/wp\/v2\/pages\/6378\/revisions\/6379"}],"wp:featuredmedia":[{"embeddable":true,"href":"http:\/\/olesnicaslw.archidiecezja.wroc.pl\/index.php\/wp-json\/wp\/v2\/media\/6115"}],"wp:attachment":[{"href":"http:\/\/olesnicaslw.archidiecezja.wroc.pl\/index.php\/wp-json\/wp\/v2\/media?parent=6378"}],"curies":[{"name":"wp","href":"https:\/\/api.w.org\/{rel}","templated":true}]}}