{"id":6376,"date":"2026-05-11T11:49:15","date_gmt":"2026-05-11T09:49:15","guid":{"rendered":"http:\/\/olesnicaslw.archidiecezja.wroc.pl\/?page_id=6376"},"modified":"2026-05-11T11:49:15","modified_gmt":"2026-05-11T09:49:15","slug":"pielgrzymka-do-medjugorje","status":"publish","type":"page","link":"http:\/\/olesnicaslw.archidiecezja.wroc.pl\/index.php\/pielgrzymka-do-medjugorje\/","title":{"rendered":"Pielgrzymka do Medjugorje"},"content":{"rendered":"<p>Zapraszamy na pielgrzymk\u0119 do Medziugorie w dniach 20.06 \u2013 28.06. 2026 \u2013 9 dni<\/p>\n<p>Koszt 1000z\u0142 + 340 euro, zapisy i wi\u0119cej informacji pod nr telefonu 608 297 288 www.monikaswat.pl, Wpis do rejestru organizator\u00f3w turystyki nr 1020.<\/p>\n<p><a href=\"http:\/\/olesnicaslw.archidiecezja.wroc.pl\/wp-content\/uploads\/2026\/03\/Medugorje-2026-ROCZNICA-Ks.-PrzemysL_aw-Fic-1.pdf\"><br \/>\n<img decoding=\"async\" loading=\"lazy\" class=\"aligncenter size-large wp-image-6145\" src=\"http:\/\/olesnicaslw.archidiecezja.wroc.pl\/wp-content\/uploads\/2026\/03\/Medugorje-2026-ROCZNICA-Ks.-PrzemysL_aw-Fic-1-724x1024.jpg\" sizes=\"(max-width: 724px) 100vw, 724px\" srcset=\"http:\/\/olesnicaslw.archidiecezja.wroc.pl\/wp-content\/uploads\/2026\/03\/Medugorje-2026-ROCZNICA-Ks.-PrzemysL_aw-Fic-1-724x1024.jpg 724w, http:\/\/olesnicaslw.archidiecezja.wroc.pl\/wp-content\/uploads\/2026\/03\/Medugorje-2026-ROCZNICA-Ks.-PrzemysL_aw-Fic-1-212x300.jpg 212w, http:\/\/olesnicaslw.archidiecezja.wroc.pl\/wp-content\/uploads\/2026\/03\/Medugorje-2026-ROCZNICA-Ks.-PrzemysL_aw-Fic-1-768x1086.jpg 768w, http:\/\/olesnicaslw.archidiecezja.wroc.pl\/wp-content\/uploads\/2026\/03\/Medugorje-2026-ROCZNICA-Ks.-PrzemysL_aw-Fic-1-1086x1536.jpg 1086w, http:\/\/olesnicaslw.archidiecezja.wroc.pl\/wp-content\/uploads\/2026\/03\/Medugorje-2026-ROCZNICA-Ks.-PrzemysL_aw-Fic-1-1448x2048.jpg 1448w, http:\/\/olesnicaslw.archidiecezja.wroc.pl\/wp-content\/uploads\/2026\/03\/Medugorje-2026-ROCZNICA-Ks.-PrzemysL_aw-Fic-1-scaled.jpg 1810w\" alt=\"\" width=\"724\" height=\"1024\" \/><\/a><\/p>\n","protected":false},"excerpt":{"rendered":"<p>Zapraszamy na pielgrzymk\u0119 do Medziugorie w dniach 20.06 \u2013 28.06. 2026 \u2013 9 dni Koszt 1000z\u0142 + 340 euro, zapisy i wi\u0119cej informacji pod nr telefonu 608 297 288 www.monikaswat.pl, Wpis do rejestru organizator\u00f3w turystyki nr 1020.<\/p>\n","protected":false},"author":1,"featured_media":0,"parent":0,"menu_order":0,"comment_status":"closed","ping_status":"closed","template":"","meta":[],"_links":{"self":[{"href":"http:\/\/olesnicaslw.archidiecezja.wroc.pl\/index.php\/wp-json\/wp\/v2\/pages\/6376"}],"collection":[{"href":"http:\/\/olesnicaslw.archidiecezja.wroc.pl\/index.php\/wp-json\/wp\/v2\/pages"}],"about":[{"href":"http:\/\/olesnicaslw.archidiecezja.wroc.pl\/index.php\/wp-json\/wp\/v2\/types\/page"}],"author":[{"embeddable":true,"href":"http:\/\/olesnicaslw.archidiecezja.wroc.pl\/index.php\/wp-json\/wp\/v2\/users\/1"}],"replies":[{"embeddable":true,"href":"http:\/\/olesnicaslw.archidiecezja.wroc.pl\/index.php\/wp-json\/wp\/v2\/comments?post=6376"}],"version-history":[{"count":1,"href":"http:\/\/olesnicaslw.archidiecezja.wroc.pl\/index.php\/wp-json\/wp\/v2\/pages\/6376\/revisions"}],"predecessor-version":[{"id":6377,"href":"http:\/\/olesnicaslw.archidiecezja.wroc.pl\/index.php\/wp-json\/wp\/v2\/pages\/6376\/revisions\/6377"}],"wp:attachment":[{"href":"http:\/\/olesnicaslw.archidiecezja.wroc.pl\/index.php\/wp-json\/wp\/v2\/media?parent=6376"}],"curies":[{"name":"wp","href":"https:\/\/api.w.org\/{rel}","templated":true}]}}