{"id":6374,"date":"2026-05-11T11:46:41","date_gmt":"2026-05-11T09:46:41","guid":{"rendered":"http:\/\/olesnicaslw.archidiecezja.wroc.pl\/?page_id=6374"},"modified":"2026-05-11T11:46:41","modified_gmt":"2026-05-11T09:46:41","slug":"pielgrzymki","status":"publish","type":"page","link":"http:\/\/olesnicaslw.archidiecezja.wroc.pl\/index.php\/pielgrzymki\/","title":{"rendered":"Pielgrzymki"},"content":{"rendered":"<h5>Co to jest pielgrzymka???<\/h5>\n<p>Pielgrzymka to wyj\u0105tkowy rodzaj podr\u00f3\u017c, kt\u00f3ry podejmuje si\u0119 z pobudek religijnych. Jej\u00a0<strong>celem jest odwiedzenie miejsc uwa\u017canych za \u015bwi\u0119te w poszukiwaniu duchowego odnowienia i blisko\u015bci z Bogiem<\/strong>\u00a0lub \u015bwi\u0119tymi. To podr\u00f3\u017c, w kt\u00f3rej nie liczy si\u0119 tylko dotarcie do celu, ale tak\u017ce duchowe prze\u017cycia z ni\u0105 zwi\u0105zane. Historycznie pielgrzymki maj\u0105 swoje korzenie w r\u00f3\u017cnych tradycjach religijnych, od staro\u017cytnego judaizmu po chrze\u015bcija\u0144stwo. W trakcie takich w\u0119dr\u00f3wek pielgrzymi d\u0105\u017c\u0105 do spe\u0142nienia okre\u015blonych form kultu, zado\u015b\u0107uczynienia za pope\u0142nione wyst\u0119pki, pro\u015bby o zdrowie, czy wyra\u017cenia wdzi\u0119czno\u015bci za otrzymane \u0142aski.\u00a0<strong>Pielgrzymka jest wi\u0119c nie tylko form\u0105 fizycznego wysi\u0142ku, ale tak\u017ce g\u0142\u0119bokiego duchowego do\u015bwiadczenia,<\/strong>\u00a0kt\u00f3re pozwala na refleksj\u0119 i introspekcj\u0119.<\/p>\n","protected":false},"excerpt":{"rendered":"<p>Co to jest pielgrzymka??? Pielgrzymka to wyj\u0105tkowy rodzaj podr\u00f3\u017c, kt\u00f3ry podejmuje si\u0119 z pobudek religijnych. Jej\u00a0celem jest odwiedzenie miejsc uwa\u017canych za \u015bwi\u0119te w poszukiwaniu duchowego odnowienia i blisko\u015bci z Bogiem\u00a0lub \u015bwi\u0119tymi. To podr\u00f3\u017c, w kt\u00f3rej nie liczy si\u0119 tylko dotarcie do celu, ale tak\u017ce duchowe prze\u017cycia z ni\u0105 zwi\u0105zane. Historycznie &hellip;<\/p>\n","protected":false},"author":1,"featured_media":5239,"parent":0,"menu_order":0,"comment_status":"closed","ping_status":"closed","template":"","meta":[],"_links":{"self":[{"href":"http:\/\/olesnicaslw.archidiecezja.wroc.pl\/index.php\/wp-json\/wp\/v2\/pages\/6374"}],"collection":[{"href":"http:\/\/olesnicaslw.archidiecezja.wroc.pl\/index.php\/wp-json\/wp\/v2\/pages"}],"about":[{"href":"http:\/\/olesnicaslw.archidiecezja.wroc.pl\/index.php\/wp-json\/wp\/v2\/types\/page"}],"author":[{"embeddable":true,"href":"http:\/\/olesnicaslw.archidiecezja.wroc.pl\/index.php\/wp-json\/wp\/v2\/users\/1"}],"replies":[{"embeddable":true,"href":"http:\/\/olesnicaslw.archidiecezja.wroc.pl\/index.php\/wp-json\/wp\/v2\/comments?post=6374"}],"version-history":[{"count":1,"href":"http:\/\/olesnicaslw.archidiecezja.wroc.pl\/index.php\/wp-json\/wp\/v2\/pages\/6374\/revisions"}],"predecessor-version":[{"id":6375,"href":"http:\/\/olesnicaslw.archidiecezja.wroc.pl\/index.php\/wp-json\/wp\/v2\/pages\/6374\/revisions\/6375"}],"wp:featuredmedia":[{"embeddable":true,"href":"http:\/\/olesnicaslw.archidiecezja.wroc.pl\/index.php\/wp-json\/wp\/v2\/media\/5239"}],"wp:attachment":[{"href":"http:\/\/olesnicaslw.archidiecezja.wroc.pl\/index.php\/wp-json\/wp\/v2\/media?parent=6374"}],"curies":[{"name":"wp","href":"https:\/\/api.w.org\/{rel}","templated":true}]}}