{"id":6370,"date":"2026-05-11T11:39:44","date_gmt":"2026-05-11T09:39:44","guid":{"rendered":"http:\/\/olesnicaslw.archidiecezja.wroc.pl\/?page_id=6370"},"modified":"2026-05-11T11:39:44","modified_gmt":"2026-05-11T09:39:44","slug":"bierzmowanie","status":"publish","type":"page","link":"http:\/\/olesnicaslw.archidiecezja.wroc.pl\/index.php\/bierzmowanie\/","title":{"rendered":"Bierzmowanie"},"content":{"rendered":"<div class=\"n6owBd awi2gc\" data-sfc-cp=\"\" data-sfc-root=\"c\" data-sfc-cb=\"\" data-hveid=\"CAEIABAC\"><span data-subtree=\"aimfl,mfl\">Bierzmowanie to\u00a0<\/span><mark class=\"HxTRcb\" data-sfc-root=\"c\" data-wiz-uids=\"BFLtz_8\" data-sfc-cb=\"\">jeden z trzech sakrament\u00f3w wtajemniczenia chrze\u015bcija\u0144skiego (obok chrztu i Eucharystii), nazywany sakramentem dojrza\u0142o\u015bci chrze\u015bcija\u0144skiej<\/mark>. Duch \u015awi\u0119ty umacnia w nim wiar\u0119 wierz\u0105cego, aby m\u0119\u017cnie j\u0105 wyznawa\u0142, broni\u0142 i wed\u0142ug niej \u017cy\u0142. Jest to znak osobistego potwierdzenia decyzji o \u017cyciu w Ko\u015bciele katolickim.<span class=\"uJ19be notranslate\" data-sfc-root=\"c\" data-wiz-uids=\"BFLtz_a,BFLtz_b\" data-sfc-cb=\"\"><span class=\"vKEkVd\" data-animation-atomic=\"\" data-wiz-attrbind=\"class=BFLtz_9\/TKHnVd\"><span aria-hidden=\"true\">\u00a0<\/span><\/span><\/span><\/p>\n<div class=\"Fwa2Od\" data-animation-skip=\"\" data-sfc-cp=\"\" data-sfc-root=\"c\" data-sfc-cb=\"\" data-ved=\"2ahUKEwi2qNfo97CUAxWLQfEDHfQBLxQQ3s0SegYIAQgAEAY\"><\/div>\n<\/div>\n<div class=\"n6owBd awi2gc\" data-sfc-cp=\"\" data-sfc-root=\"c\" data-sfc-cb=\"\" data-hveid=\"CAEIABAH\"><strong class=\"Yjhzub\" data-sfc-root=\"c\" data-sfc-cb=\"\">Co daje bierzmowanie (skutki sakramentu):<\/strong><\/div>\n<div class=\"\" data-bfc=\"\" data-ved=\"2ahUKEwi2qNfo97CUAxWLQfEDHfQBLxQQi4wTegYIAQgAEAk\">\n<p><span class=\"T286Pc\" data-sfc-cp=\"\" data-sfc-root=\"c\" data-sfc-cb=\"\"><strong class=\"Yjhzub\" data-sfc-root=\"c\" data-sfc-cb=\"\">Dar Ducha \u015awi\u0119tego:<\/strong>\u00a0Przyj\u0119cie pe\u0142ni Ducha \u015awi\u0119tego oraz Jego siedmiu dar\u00f3w (m\u0105dro\u015b\u0107, rozum, rada, m\u0119stwo, umiej\u0119tno\u015b\u0107, pobo\u017cno\u015b\u0107, boja\u017a\u0144 Bo\u017ca).<\/span><\/p>\n<p><span class=\"T286Pc\" data-sfc-cp=\"\" data-sfc-root=\"c\" data-sfc-cb=\"\"><strong class=\"Yjhzub\" data-sfc-root=\"c\" data-sfc-cb=\"\">Umocnienie wiary:<\/strong>\u00a0Pog\u0142\u0119bia \u0142ask\u0119 chrztu, zakorzenia g\u0142\u0119biej w synostwie Bo\u017cym i \u015bci\u015blej jednoczy z Chrystusem.<\/span><\/p>\n<p><span class=\"T286Pc\" data-sfc-cp=\"\" data-sfc-root=\"c\" data-sfc-cb=\"\"><strong class=\"Yjhzub\" data-sfc-root=\"c\" data-sfc-cb=\"\">Zobowi\u0105zanie do \u015bwiadectwa:<\/strong><\/span><\/p>\n<div id=\"sdh_PaMBaobzFN-N7NYP2JLT6AI_1\">\u00a0Daje si\u0142\u0119 do bycia \u015bwiadkiem Chrystusa, odpowiedzialnego za g\u0142oszenie wiary s\u0142owem i czynem.<\/div>\n<p><span class=\"T286Pc\" data-sfc-cp=\"\" data-sfc-root=\"c\" data-sfc-cb=\"\"><strong class=\"Yjhzub\" data-sfc-root=\"c\" data-sfc-cb=\"\">Wi\u0119\u017a z Ko\u015bcio\u0142em:<\/strong>\u00a0Bardziej w\u0142\u0105cza w wsp\u00f3lnot\u0119 Ko\u015bcio\u0142a<\/span><\/p>\n<div id=\"sdh_PaMBaobzFN-N7NYP2JLT6AI_2\"><\/div>\n<\/div>\n","protected":false},"excerpt":{"rendered":"<p>Bierzmowanie to\u00a0jeden z trzech sakrament\u00f3w wtajemniczenia chrze\u015bcija\u0144skiego (obok chrztu i Eucharystii), nazywany sakramentem dojrza\u0142o\u015bci chrze\u015bcija\u0144skiej. Duch \u015awi\u0119ty umacnia w nim wiar\u0119 wierz\u0105cego, aby m\u0119\u017cnie j\u0105 wyznawa\u0142, broni\u0142 i wed\u0142ug niej \u017cy\u0142. Jest to znak osobistego potwierdzenia decyzji o \u017cyciu w Ko\u015bciele katolickim.\u00a0 Co daje bierzmowanie (skutki sakramentu): Dar Ducha \u015awi\u0119tego:\u00a0Przyj\u0119cie &hellip;<\/p>\n","protected":false},"author":1,"featured_media":6371,"parent":0,"menu_order":0,"comment_status":"closed","ping_status":"closed","template":"","meta":[],"_links":{"self":[{"href":"http:\/\/olesnicaslw.archidiecezja.wroc.pl\/index.php\/wp-json\/wp\/v2\/pages\/6370"}],"collection":[{"href":"http:\/\/olesnicaslw.archidiecezja.wroc.pl\/index.php\/wp-json\/wp\/v2\/pages"}],"about":[{"href":"http:\/\/olesnicaslw.archidiecezja.wroc.pl\/index.php\/wp-json\/wp\/v2\/types\/page"}],"author":[{"embeddable":true,"href":"http:\/\/olesnicaslw.archidiecezja.wroc.pl\/index.php\/wp-json\/wp\/v2\/users\/1"}],"replies":[{"embeddable":true,"href":"http:\/\/olesnicaslw.archidiecezja.wroc.pl\/index.php\/wp-json\/wp\/v2\/comments?post=6370"}],"version-history":[{"count":1,"href":"http:\/\/olesnicaslw.archidiecezja.wroc.pl\/index.php\/wp-json\/wp\/v2\/pages\/6370\/revisions"}],"predecessor-version":[{"id":6372,"href":"http:\/\/olesnicaslw.archidiecezja.wroc.pl\/index.php\/wp-json\/wp\/v2\/pages\/6370\/revisions\/6372"}],"wp:featuredmedia":[{"embeddable":true,"href":"http:\/\/olesnicaslw.archidiecezja.wroc.pl\/index.php\/wp-json\/wp\/v2\/media\/6371"}],"wp:attachment":[{"href":"http:\/\/olesnicaslw.archidiecezja.wroc.pl\/index.php\/wp-json\/wp\/v2\/media?parent=6370"}],"curies":[{"name":"wp","href":"https:\/\/api.w.org\/{rel}","templated":true}]}}