{"id":6361,"date":"2026-05-11T11:24:00","date_gmt":"2026-05-11T09:24:00","guid":{"rendered":"http:\/\/olesnicaslw.archidiecezja.wroc.pl\/?page_id=6361"},"modified":"2026-05-11T11:25:59","modified_gmt":"2026-05-11T09:25:59","slug":"sakramenty","status":"publish","type":"page","link":"http:\/\/olesnicaslw.archidiecezja.wroc.pl\/index.php\/sakramenty\/","title":{"rendered":"Sakramenty"},"content":{"rendered":"<p>S\u0142owo \u201esakrament\u201d pochodzi od \u0142aci\u0144skiego sacramentum, kt\u00f3re oznacza b\u0105d\u017a kar\u0119 pieni\u0119\u017cn\u0105, jak\u0105 p\u0142aci\u0142a na cele \u015bwi\u0105tyni strona przegrana w procesie s\u0105dowym, b\u0105d\u017a \u017co\u0142niersk\u0105 przysi\u0119g\u0119 wierno\u015bci. W chrze\u015bcija\u0144stwie okre\u015blenie sakramentum odniesiono do tajemnicy i obrz\u0119d\u00f3w sprawowanych przez chrze\u015bcijan. Dzi\u015b sakrament definiujemy jako widzialny znak niewidzialnej \u0142aski, kt\u00f3r\u0105 oznacza i sprawuje. Katechizm Ko\u015bcio\u0142a Katolickiego m\u00f3wi o sakramentach jako o skutecznych znakach \u0142aski, ustanowionych przez Chrystusa i powierzonych Ko\u015bcio\u0142owi (KKK 1131).<\/p>\n<h2 id=\"toc-0\" class=\"styt\">Sakrament jest znakiem<\/h2>\n<p>Znak informuje nas o czym\u015b lub na co\u015b wskazuje. S\u0142owa, kt\u00f3re s\u0105 znakami przypisanymi do okre\u015blonych przedmiot\u00f3w, my\u015bli czy czynno\u015bci, pozwalaj\u0105 przekazywa\u0107 informacj\u0119, poznawa\u0107 prawd\u0119 i nawi\u0105zywa\u0107 kontakt z drugim cz\u0142owiekiem. Tak samo znaki sakramentalne wskazuj\u0105 nam rzeczywisto\u015b\u0107, kt\u00f3rej nie mo\u017cemy dotkn\u0105\u0107 ani do ko\u0144ca zrozumie\u0107.<\/p>\n<h2 id=\"toc-1\" class=\"styt\">Znak skuteczny<\/h2>\n<p>Sakramenty s\u0105 jednak szczeg\u00f3lnymi znakami, gdy\u017c sprawiaj\u0105 to, co oznaczaj\u0105. Gdy kap\u0142an w konfesjonale m\u00f3wi: ja odpuszczam Tobie grzechy, to moje grzechy s\u0105 odpuszczone! Nie ma tu miejsca na \u017cadn\u0105 w\u0105tpliwo\u015b\u0107! Znaki sakramentalne mo\u017cna por\u00f3wna\u0107 do wierzcho\u0142ka g\u00f3ry lodowej: mo\u017cemy dostrzec kawa\u0142ek, ale wiemy, \u017ce pod wod\u0105 kryje si\u0119 ca\u0142a reszta, o wiele wi\u0119ksza i pot\u0119\u017cniejsza od tej cz\u0119\u015bci, kt\u00f3r\u0105 mo\u017cemy zobaczy\u0107.<\/p>\n<h2 id=\"toc-2\" class=\"styt\">Ustanowiony przez Chrystusa<\/h2>\n<p>Dzieje si\u0119 tak dlatego, \u017ce sakramenty maj\u0105 swoje \u017ar\u00f3d\u0142o w Chrystusie. To misterium \u017cycia Chrystusa jest podstaw\u0105 sakrament\u00f3w, bo w nich si\u0119 zamyka i umo\u017cliwia nam dotykanie tajemnicy samego Boga. Wszystkie sakramenty zosta\u0142y ustanowione przez Chrystusa (por. KKK 1114). Sakramenty wychodz\u0105 z Cia\u0142a Chrystusa i s\u0105 dzia\u0142aniami Ducha \u015awi\u0119tego, urzeczywistnianymi w Jego Ciele (KKK 1116).<\/p>\n<h2 id=\"toc-3\" class=\"styt\">Powierzony Ko\u015bcio\u0142owi<\/h2>\n<p>Chrystus pozostawi\u0142 sakramenty Aposto\u0142om, a przez nich ca\u0142ej wsp\u00f3lnocie Ko\u015bcio\u0142a. Dokonuj\u0105 si\u0119 one zawsze w Ko\u015bciele, poprzez Ko\u015bci\u00f3\u0142 i dla Ko\u015bcio\u0142a. Nie ma sakrament\u00f3w bez Ko\u015bcio\u0142a. On jest mistycznym Cia\u0142em Chrystusa. To Ko\u015bci\u00f3\u0142 jest sakramentem Chrystusa (KKK 1118) &#8211; czyli widzialnym znakiem Jego obecno\u015bci i dzia\u0142ania. Wreszcie sakramenty s\u0105 dla Ko\u015bcio\u0142a, bo maj\u0105 budowa\u0107 wsp\u00f3lnot\u0119 cz\u0142owieka z Bogiem i cz\u0142owieka z Ko\u015bcio\u0142em. S\u0105 darami \u0142aski, kt\u00f3re umacniaj\u0105 nie tylko pojedyncz\u0105 osob\u0119, ale ca\u0142\u0105 spo\u0142eczno\u015b\u0107.<\/p>\n","protected":false},"excerpt":{"rendered":"<p>S\u0142owo \u201esakrament\u201d pochodzi od \u0142aci\u0144skiego sacramentum, kt\u00f3re oznacza b\u0105d\u017a kar\u0119 pieni\u0119\u017cn\u0105, jak\u0105 p\u0142aci\u0142a na cele \u015bwi\u0105tyni strona przegrana w procesie s\u0105dowym, b\u0105d\u017a \u017co\u0142niersk\u0105 przysi\u0119g\u0119 wierno\u015bci. W chrze\u015bcija\u0144stwie okre\u015blenie sakramentum odniesiono do tajemnicy i obrz\u0119d\u00f3w sprawowanych przez chrze\u015bcijan. Dzi\u015b sakrament definiujemy jako widzialny znak niewidzialnej \u0142aski, kt\u00f3r\u0105 oznacza i sprawuje. Katechizm &hellip;<\/p>\n","protected":false},"author":1,"featured_media":6362,"parent":0,"menu_order":0,"comment_status":"closed","ping_status":"closed","template":"","meta":[],"_links":{"self":[{"href":"http:\/\/olesnicaslw.archidiecezja.wroc.pl\/index.php\/wp-json\/wp\/v2\/pages\/6361"}],"collection":[{"href":"http:\/\/olesnicaslw.archidiecezja.wroc.pl\/index.php\/wp-json\/wp\/v2\/pages"}],"about":[{"href":"http:\/\/olesnicaslw.archidiecezja.wroc.pl\/index.php\/wp-json\/wp\/v2\/types\/page"}],"author":[{"embeddable":true,"href":"http:\/\/olesnicaslw.archidiecezja.wroc.pl\/index.php\/wp-json\/wp\/v2\/users\/1"}],"replies":[{"embeddable":true,"href":"http:\/\/olesnicaslw.archidiecezja.wroc.pl\/index.php\/wp-json\/wp\/v2\/comments?post=6361"}],"version-history":[{"count":3,"href":"http:\/\/olesnicaslw.archidiecezja.wroc.pl\/index.php\/wp-json\/wp\/v2\/pages\/6361\/revisions"}],"predecessor-version":[{"id":6365,"href":"http:\/\/olesnicaslw.archidiecezja.wroc.pl\/index.php\/wp-json\/wp\/v2\/pages\/6361\/revisions\/6365"}],"wp:featuredmedia":[{"embeddable":true,"href":"http:\/\/olesnicaslw.archidiecezja.wroc.pl\/index.php\/wp-json\/wp\/v2\/media\/6362"}],"wp:attachment":[{"href":"http:\/\/olesnicaslw.archidiecezja.wroc.pl\/index.php\/wp-json\/wp\/v2\/media?parent=6361"}],"curies":[{"name":"wp","href":"https:\/\/api.w.org\/{rel}","templated":true}]}}