{"id":6358,"date":"2026-05-11T11:19:18","date_gmt":"2026-05-11T09:19:18","guid":{"rendered":"http:\/\/olesnicaslw.archidiecezja.wroc.pl\/?page_id=6358"},"modified":"2026-05-11T11:19:18","modified_gmt":"2026-05-11T09:19:18","slug":"i-komunia-swieta","status":"publish","type":"page","link":"http:\/\/olesnicaslw.archidiecezja.wroc.pl\/index.php\/i-komunia-swieta\/","title":{"rendered":"I Komunia \u015awi\u0119ta"},"content":{"rendered":"<div class=\"article__introduce\">Maj nieod\u0142\u0105cznie kojarzy si\u0119 z Sakramentem Pierwszej Komunii \u015awi\u0119tej. To wa\u017cna uroczysto\u015b\u0107 i okazja do pog\u0142\u0119bienia wi\u0119zi pomi\u0119dzy dzieckiem a Bogiem. Jak pom\u00f3c naszym pociechom przygotowa\u0107 si\u0119 do tego dnia?<\/div>\n<div class=\"article__paragraph\">\n<div class=\"article__paragraph-item\">\n<div class=\"article__text\">\n<div class=\"article__text-paragraph\">\n<p>\u201eKomunia\u201d pochodzi\u00a0<b>od \u0142aci\u0144skiego s\u0142owa communio<\/b>, oznaczaj\u0105cego\u00a0<b>wsp\u00f3lnot\u0119<\/b>. Natomiast Eucharystia to greckie dzi\u0119kczynienie. Przyjmuj\u0105c komuni\u0119 dzi\u0119kujemy Bogu osobi\u015bcie za mo\u017cliwo\u015b\u0107 uczestniczenia we wsp\u00f3lnocie chrze\u015bcija\u0144skiej.<\/p>\n<p>Podczas mszy wierni po raz pierwszy przyjmuj\u0105 Eucharysti\u0119, czyli zgodnie z wyznawan\u0105 przez siebie wiar\u0105 prawdziwe cia\u0142o i krew Chrystusa pod postaci\u0105 chleba.<\/p>\n<\/div>\n<\/div>\n<\/div>\n<\/div>\n<p>&nbsp;<\/p>\n<p><strong>Daty I komunii w Parafii NMP. Matki Mi\u0142osierdzia w<\/strong><\/p>\n<p>GODZINA 12.00<\/p>\n<p><strong>\u00a0 2026 roku\u00a0 \u00a0 \u00a0 \u00a0 \u00a0 \u00a0 \u00a0 \u00a0 \u00a0 \u00a0 \u00a0 \u00a0 \u00a0 \u00a0 \u00a0 \u00a0 \u00a02027 roku<\/strong><\/p>\n<p>9.05.2026 SP nr 3\u00a0 \u00a0 \u00a0 \u00a0 \u00a0 \u00a0 \u00a0 \u00a0 \u00a0 \u00a0 8.05.2027\u00a0 SP nr 1<\/p>\n<p>10.05.2026 SP nr1\u00a0 \u00a0 \u00a0 \u00a0 \u00a0 \u00a0 \u00a0 \u00a0 \u00a0 \u00a09.05.2027 SP nr.3<\/p>\n<p>16.05.2026 SP nr 6\u00a0 \u00a0 \u00a0 \u00a0 \u00a0 \u00a0 \u00a0 \u00a0 15 .05.2027 SP nr.4<\/p>\n<p>17.05.2026 SP nr 4\u00a0 \u00a0 \u00a0 \u00a0 \u00a0 \u00a0 \u00a0 \u00a0 \u00a016.05.2027 SP nr.6<\/p>\n<p><strong><em>Dokumenty formalne konieczne do uzupe\u0142nienia:<\/em><\/strong><\/p>\n<ul>\n<li>deklaracja rodzic\u00f3w dziecka pierwszokomunijnego;<strong>*<\/strong><\/li>\n<li>\u015bwiadectwo Chrztu \u015awi\u0119tego (dokument wymagany w przypadku, gdy dziecko otrzyma\u0142o sakrament w innej parafii);<strong>**<\/strong><\/li>\n<li>zgoda Ks. Proboszcza dotychczasowej parafii\u00a0(dokument wymagany w przypadku, gdy dziecko do tej pory nale\u017ca\u0142o do innej parafii).<strong>**<\/strong><\/li>\n<\/ul>\n<p>&nbsp;<\/p>\n<p>&nbsp;<\/p>\n","protected":false},"excerpt":{"rendered":"<p>Maj nieod\u0142\u0105cznie kojarzy si\u0119 z Sakramentem Pierwszej Komunii \u015awi\u0119tej. To wa\u017cna uroczysto\u015b\u0107 i okazja do pog\u0142\u0119bienia wi\u0119zi pomi\u0119dzy dzieckiem a Bogiem. Jak pom\u00f3c naszym pociechom przygotowa\u0107 si\u0119 do tego dnia? \u201eKomunia\u201d pochodzi\u00a0od \u0142aci\u0144skiego s\u0142owa communio, oznaczaj\u0105cego\u00a0wsp\u00f3lnot\u0119. Natomiast Eucharystia to greckie dzi\u0119kczynienie. Przyjmuj\u0105c komuni\u0119 dzi\u0119kujemy Bogu osobi\u015bcie za mo\u017cliwo\u015b\u0107 uczestniczenia we &hellip;<\/p>\n","protected":false},"author":1,"featured_media":5098,"parent":0,"menu_order":0,"comment_status":"closed","ping_status":"closed","template":"","meta":[],"_links":{"self":[{"href":"http:\/\/olesnicaslw.archidiecezja.wroc.pl\/index.php\/wp-json\/wp\/v2\/pages\/6358"}],"collection":[{"href":"http:\/\/olesnicaslw.archidiecezja.wroc.pl\/index.php\/wp-json\/wp\/v2\/pages"}],"about":[{"href":"http:\/\/olesnicaslw.archidiecezja.wroc.pl\/index.php\/wp-json\/wp\/v2\/types\/page"}],"author":[{"embeddable":true,"href":"http:\/\/olesnicaslw.archidiecezja.wroc.pl\/index.php\/wp-json\/wp\/v2\/users\/1"}],"replies":[{"embeddable":true,"href":"http:\/\/olesnicaslw.archidiecezja.wroc.pl\/index.php\/wp-json\/wp\/v2\/comments?post=6358"}],"version-history":[{"count":1,"href":"http:\/\/olesnicaslw.archidiecezja.wroc.pl\/index.php\/wp-json\/wp\/v2\/pages\/6358\/revisions"}],"predecessor-version":[{"id":6359,"href":"http:\/\/olesnicaslw.archidiecezja.wroc.pl\/index.php\/wp-json\/wp\/v2\/pages\/6358\/revisions\/6359"}],"wp:featuredmedia":[{"embeddable":true,"href":"http:\/\/olesnicaslw.archidiecezja.wroc.pl\/index.php\/wp-json\/wp\/v2\/media\/5098"}],"wp:attachment":[{"href":"http:\/\/olesnicaslw.archidiecezja.wroc.pl\/index.php\/wp-json\/wp\/v2\/media?parent=6358"}],"curies":[{"name":"wp","href":"https:\/\/api.w.org\/{rel}","templated":true}]}}