{"id":5473,"date":"2025-06-21T19:29:45","date_gmt":"2025-06-21T17:29:45","guid":{"rendered":"http:\/\/olesnicaslw.archidiecezja.wroc.pl\/?page_id=5473"},"modified":"2025-06-21T19:52:05","modified_gmt":"2025-06-21T17:52:05","slug":"podziekowania-2","status":"publish","type":"page","link":"http:\/\/olesnicaslw.archidiecezja.wroc.pl\/index.php\/podziekowania-2\/","title":{"rendered":"Podzi\u0119kowania"},"content":{"rendered":"<h4><img decoding=\"async\" loading=\"lazy\" class=\"wp-image-5431 aligncenter\" src=\"http:\/\/olesnicaslw.archidiecezja.wroc.pl\/wp-content\/uploads\/2025\/06\/169397f2-abfc-44f7-bfe4-f15567ded7bc-1024x1024.jpeg\" alt=\"\" width=\"184\" height=\"184\" srcset=\"http:\/\/olesnicaslw.archidiecezja.wroc.pl\/wp-content\/uploads\/2025\/06\/169397f2-abfc-44f7-bfe4-f15567ded7bc-1024x1024.jpeg 1024w, http:\/\/olesnicaslw.archidiecezja.wroc.pl\/wp-content\/uploads\/2025\/06\/169397f2-abfc-44f7-bfe4-f15567ded7bc-300x300.jpeg 300w, http:\/\/olesnicaslw.archidiecezja.wroc.pl\/wp-content\/uploads\/2025\/06\/169397f2-abfc-44f7-bfe4-f15567ded7bc-150x150.jpeg 150w, http:\/\/olesnicaslw.archidiecezja.wroc.pl\/wp-content\/uploads\/2025\/06\/169397f2-abfc-44f7-bfe4-f15567ded7bc-768x768.jpeg 768w, http:\/\/olesnicaslw.archidiecezja.wroc.pl\/wp-content\/uploads\/2025\/06\/169397f2-abfc-44f7-bfe4-f15567ded7bc.jpeg 1080w\" sizes=\"(max-width: 184px) 100vw, 184px\" \/><\/h4>\n<h4 style=\"text-align: center;\">Podzi\u0119kowania za pomoc w organizacji Festynu &#8222;Wile\u0144ska4&#8221;<\/h4>\n<p>&nbsp;<\/p>\n<blockquote><p><em>\u201eCz\u0142owiek jest wielki nie przez to, co posiada, lecz przez to, kim jest; nie przez to, co ma, lecz przez <\/em><em>to, czym dzieli si\u0119 z innymi\u201d <\/em><\/p>\n<p><em>(\u015bw. Jan Pawe\u0142 II)<\/em><\/p><\/blockquote>\n<p>&nbsp;<\/p>\n<p style=\"text-align: center;\"><strong>W imieniu Parafii Naj\u015bwi\u0119tszej Maryi Panny Matki Mi\u0142osierdzia w Ole\u015bnicy obchodz\u0105cej w bie\u017c\u0105cym roku Jubileusz 35 lat dzia\u0142alno\u015bci sk\u0142adam serdeczne podzi\u0119kowania za okazan\u0105 pomoc przy organizacji jego obchod\u00f3w.<\/strong><\/p>\n<p style=\"text-align: center;\">Obj\u0119ty patronatem Jego Ekscelencji abpa J\u00f3zefa Kupnego, Metropolity Wroc\u0142awskego oraz Pana Adama Horbacza, Burmistrza Ole\u015bnicy Parafialny Festyn Rodzinny \u201eWile\u0144ska 4\u201d, kt\u00f3ry odby\u0142 si\u0119 15 czerwca 2025 r. sta\u0142 si\u0119 okazj\u0105 do spotkania dla wielu Mieszka\u0144c\u00f3w Ole\u015bnicy oraz wydarzeniem integruj\u0105cym Parafi\u0119. Okazane wsparcie znacz\u0105co uatrakcyjni\u0142o imprez\u0119.<\/p>\n<p style=\"text-align: center;\">Nasz inicjatywa spotka\u0142a si\u0119 z \u017cyczliwym przyj\u0119ciem przez Mieszka\u0144c\u00f3w Ole\u015bnicy.<\/p>\n<p>&nbsp;<\/p>\n<p style=\"text-align: center;\"><strong>Ju\u017c dzi\u015b serdecznie zapraszamy Mieszka\u0144c\u00f3w Ole\u015bnicy na kolejn\u0105 edycj\u0119 festynu &#8222;Wile\u0144ska4&#8221; w 2026 roku.<\/strong><\/p>\n<p>&nbsp;<\/p>\n<p style=\"text-align: center;\"><strong>Szczeg\u00f3lne wyrazy wdzi\u0119czno\u015bci kieruj\u0119 na r\u0119ce<\/strong><\/p>\n<p style=\"text-align: center;\"><em>Burmistrza Ole\u015bnicy<\/em><br \/>\n<em>MKRPAiPN<\/em><br \/>\n<em>MOKiS-u<\/em><br \/>\n<em>MGK sp. z o.o.<\/em><br \/>\n<em>Firmy Gama<\/em><br \/>\n<em>Firmy Iskra<\/em><br \/>\n<em>Konrada Leszczy\u0144skiego<\/em><br \/>\n<em>Firmy ROM<\/em><br \/>\n<em>Firmy Guillin<\/em><br \/>\n<em>Agaty Pliszek<\/em><br \/>\n<em>Piekarnii Soko\u0142owice<\/em><br \/>\n<em>Piekarnii Dawid<\/em><br \/>\n<em>Firmy Rower Wrona<\/em><br \/>\n<em>Firmy Boramex<\/em><br \/>\n<em>Firmy Dolmat Mr\u00f3wka<\/em><br \/>\n<em>Kawiarnii Iwona<\/em><br \/>\n<em>Firmy Zo\u0142za tworzy<\/em><br \/>\n<em>Firmy Mistrz Grilla<\/em><br \/>\n<em>Akcji Katolickiej przy Parafii<\/em><br \/>\n<em>Firmy Karina Merchut transport<\/em><br \/>\n<em>Krystiana Majznera<\/em><br \/>\n<em>Firmy PelletPro Mariusz \u017buraw<\/em><br \/>\n<em>Zespo\u0142u Orfea<\/em><br \/>\n<em>Zespo\u0142u Boguszyczanie<\/em><br \/>\n<em>Zespo\u0142u Karolinki<\/em><br \/>\n<em>Zespo\u0142u Solniczanki<\/em><br \/>\n<em>Firmy Intermarche<\/em><br \/>\n<em>Dariusza Telki<\/em><br \/>\n<em>Komendy Powiatowej Pa\u0144stwowej Stra\u017cy Po\u017carnej<\/em><br \/>\n<em>2. Kompanii Regulacji Ruchu w Ole\u015bnicy<\/em><br \/>\n<em>82. Ole\u015bnickiego Batalionu Ewakuacji Sprz\u0119tu w Ole\u015bnicy<\/em><br \/>\n<em>Irminy Wr\u00f3bel<\/em><br \/>\n<em>Magdaleny B\u0142o\u0144skiej<\/em><br \/>\n<em>Przemys\u0142awa Wi\u0119cka<\/em><br \/>\n<em>Julii Janowskiej<\/em><\/p>\n<p style=\"text-align: center;\"><em>Firmy Penny<\/em><br \/>\n<em>Grzegorza J\u0119drysiaka<\/em><br \/>\n<em>Justyny J\u0119drysiak<\/em><br \/>\n<em>Anny Lech<\/em><br \/>\n<em>Krystyny Marschall<\/em><br \/>\n<em>Marka Kamaszy\u0142o<\/em><br \/>\n<em>Anny Obru\u015bnik<\/em><\/p>\n<p style=\"text-align: center;\"><em>Sylwii Wawrzy\u0144skiej<\/em><\/p>\n<p>&nbsp;<\/p>\n<div id='gallery-1' class='gallery galleryid-5473 gallery-columns-3 gallery-size-large'><figure class='gallery-item'>\n\t\t\t<div class='gallery-icon landscape'>\n\t\t\t\t<a href='http:\/\/olesnicaslw.archidiecezja.wroc.pl\/wp-content\/uploads\/2025\/06\/festyn-parafialny-nmp001.jpg' title=\"\" data-rl_title=\"\" class=\"rl-gallery-link\" data-rl_caption=\"\" data-rel=\"lightbox-gallery-1\"><img width=\"850\" height=\"567\" src=\"http:\/\/olesnicaslw.archidiecezja.wroc.pl\/wp-content\/uploads\/2025\/06\/festyn-parafialny-nmp001.jpg\" class=\"attachment-large size-large\" alt=\"\" decoding=\"async\" loading=\"lazy\" srcset=\"http:\/\/olesnicaslw.archidiecezja.wroc.pl\/wp-content\/uploads\/2025\/06\/festyn-parafialny-nmp001.jpg 850w, http:\/\/olesnicaslw.archidiecezja.wroc.pl\/wp-content\/uploads\/2025\/06\/festyn-parafialny-nmp001-300x200.jpg 300w, http:\/\/olesnicaslw.archidiecezja.wroc.pl\/wp-content\/uploads\/2025\/06\/festyn-parafialny-nmp001-768x512.jpg 768w, http:\/\/olesnicaslw.archidiecezja.wroc.pl\/wp-content\/uploads\/2025\/06\/festyn-parafialny-nmp001-450x300.jpg 450w, http:\/\/olesnicaslw.archidiecezja.wroc.pl\/wp-content\/uploads\/2025\/06\/festyn-parafialny-nmp001-272x182.jpg 272w\" sizes=\"(max-width: 850px) 100vw, 850px\" \/><\/a>\n\t\t\t<\/div><\/figure><figure class='gallery-item'>\n\t\t\t<div class='gallery-icon landscape'>\n\t\t\t\t<a href='http:\/\/olesnicaslw.archidiecezja.wroc.pl\/wp-content\/uploads\/2025\/06\/festyn-parafialny-nmp002.jpg' title=\"\" data-rl_title=\"\" class=\"rl-gallery-link\" data-rl_caption=\"\" data-rel=\"lightbox-gallery-1\"><img width=\"850\" height=\"567\" src=\"http:\/\/olesnicaslw.archidiecezja.wroc.pl\/wp-content\/uploads\/2025\/06\/festyn-parafialny-nmp002.jpg\" class=\"attachment-large size-large\" alt=\"\" decoding=\"async\" loading=\"lazy\" srcset=\"http:\/\/olesnicaslw.archidiecezja.wroc.pl\/wp-content\/uploads\/2025\/06\/festyn-parafialny-nmp002.jpg 850w, http:\/\/olesnicaslw.archidiecezja.wroc.pl\/wp-content\/uploads\/2025\/06\/festyn-parafialny-nmp002-300x200.jpg 300w, http:\/\/olesnicaslw.archidiecezja.wroc.pl\/wp-content\/uploads\/2025\/06\/festyn-parafialny-nmp002-768x512.jpg 768w, http:\/\/olesnicaslw.archidiecezja.wroc.pl\/wp-content\/uploads\/2025\/06\/festyn-parafialny-nmp002-450x300.jpg 450w, http:\/\/olesnicaslw.archidiecezja.wroc.pl\/wp-content\/uploads\/2025\/06\/festyn-parafialny-nmp002-272x182.jpg 272w\" sizes=\"(max-width: 850px) 100vw, 850px\" \/><\/a>\n\t\t\t<\/div><\/figure><figure class='gallery-item'>\n\t\t\t<div class='gallery-icon landscape'>\n\t\t\t\t<a href='http:\/\/olesnicaslw.archidiecezja.wroc.pl\/wp-content\/uploads\/2025\/06\/festyn-parafialny-nmp003.jpg' title=\"\" data-rl_title=\"\" class=\"rl-gallery-link\" data-rl_caption=\"\" data-rel=\"lightbox-gallery-1\"><img width=\"850\" height=\"567\" src=\"http:\/\/olesnicaslw.archidiecezja.wroc.pl\/wp-content\/uploads\/2025\/06\/festyn-parafialny-nmp003.jpg\" class=\"attachment-large size-large\" alt=\"\" decoding=\"async\" loading=\"lazy\" srcset=\"http:\/\/olesnicaslw.archidiecezja.wroc.pl\/wp-content\/uploads\/2025\/06\/festyn-parafialny-nmp003.jpg 850w, http:\/\/olesnicaslw.archidiecezja.wroc.pl\/wp-content\/uploads\/2025\/06\/festyn-parafialny-nmp003-300x200.jpg 300w, http:\/\/olesnicaslw.archidiecezja.wroc.pl\/wp-content\/uploads\/2025\/06\/festyn-parafialny-nmp003-768x512.jpg 768w, http:\/\/olesnicaslw.archidiecezja.wroc.pl\/wp-content\/uploads\/2025\/06\/festyn-parafialny-nmp003-450x300.jpg 450w, http:\/\/olesnicaslw.archidiecezja.wroc.pl\/wp-content\/uploads\/2025\/06\/festyn-parafialny-nmp003-272x182.jpg 272w\" sizes=\"(max-width: 850px) 100vw, 850px\" \/><\/a>\n\t\t\t<\/div><\/figure><figure class='gallery-item'>\n\t\t\t<div class='gallery-icon landscape'>\n\t\t\t\t<a href='http:\/\/olesnicaslw.archidiecezja.wroc.pl\/wp-content\/uploads\/2025\/06\/festyn-parafialny-nmp006.jpg' title=\"\" data-rl_title=\"\" class=\"rl-gallery-link\" data-rl_caption=\"\" data-rel=\"lightbox-gallery-1\"><img width=\"850\" height=\"567\" src=\"http:\/\/olesnicaslw.archidiecezja.wroc.pl\/wp-content\/uploads\/2025\/06\/festyn-parafialny-nmp006.jpg\" class=\"attachment-large size-large\" alt=\"\" decoding=\"async\" loading=\"lazy\" srcset=\"http:\/\/olesnicaslw.archidiecezja.wroc.pl\/wp-content\/uploads\/2025\/06\/festyn-parafialny-nmp006.jpg 850w, http:\/\/olesnicaslw.archidiecezja.wroc.pl\/wp-content\/uploads\/2025\/06\/festyn-parafialny-nmp006-300x200.jpg 300w, http:\/\/olesnicaslw.archidiecezja.wroc.pl\/wp-content\/uploads\/2025\/06\/festyn-parafialny-nmp006-768x512.jpg 768w, http:\/\/olesnicaslw.archidiecezja.wroc.pl\/wp-content\/uploads\/2025\/06\/festyn-parafialny-nmp006-450x300.jpg 450w, http:\/\/olesnicaslw.archidiecezja.wroc.pl\/wp-content\/uploads\/2025\/06\/festyn-parafialny-nmp006-272x182.jpg 272w\" sizes=\"(max-width: 850px) 100vw, 850px\" \/><\/a>\n\t\t\t<\/div><\/figure><figure class='gallery-item'>\n\t\t\t<div class='gallery-icon landscape'>\n\t\t\t\t<a href='http:\/\/olesnicaslw.archidiecezja.wroc.pl\/wp-content\/uploads\/2025\/06\/festyn-parafialny-nmp009.jpg' title=\"\" data-rl_title=\"\" class=\"rl-gallery-link\" data-rl_caption=\"\" data-rel=\"lightbox-gallery-1\"><img width=\"850\" height=\"567\" src=\"http:\/\/olesnicaslw.archidiecezja.wroc.pl\/wp-content\/uploads\/2025\/06\/festyn-parafialny-nmp009.jpg\" class=\"attachment-large size-large\" alt=\"\" decoding=\"async\" loading=\"lazy\" srcset=\"http:\/\/olesnicaslw.archidiecezja.wroc.pl\/wp-content\/uploads\/2025\/06\/festyn-parafialny-nmp009.jpg 850w, http:\/\/olesnicaslw.archidiecezja.wroc.pl\/wp-content\/uploads\/2025\/06\/festyn-parafialny-nmp009-300x200.jpg 300w, http:\/\/olesnicaslw.archidiecezja.wroc.pl\/wp-content\/uploads\/2025\/06\/festyn-parafialny-nmp009-768x512.jpg 768w, http:\/\/olesnicaslw.archidiecezja.wroc.pl\/wp-content\/uploads\/2025\/06\/festyn-parafialny-nmp009-450x300.jpg 450w, http:\/\/olesnicaslw.archidiecezja.wroc.pl\/wp-content\/uploads\/2025\/06\/festyn-parafialny-nmp009-272x182.jpg 272w\" sizes=\"(max-width: 850px) 100vw, 850px\" \/><\/a>\n\t\t\t<\/div><\/figure><figure class='gallery-item'>\n\t\t\t<div class='gallery-icon landscape'>\n\t\t\t\t<a href='http:\/\/olesnicaslw.archidiecezja.wroc.pl\/wp-content\/uploads\/2025\/06\/festyn-parafialny-nmp013.jpg' title=\"\" data-rl_title=\"\" class=\"rl-gallery-link\" data-rl_caption=\"\" data-rel=\"lightbox-gallery-1\"><img width=\"850\" height=\"567\" src=\"http:\/\/olesnicaslw.archidiecezja.wroc.pl\/wp-content\/uploads\/2025\/06\/festyn-parafialny-nmp013.jpg\" class=\"attachment-large size-large\" alt=\"\" decoding=\"async\" loading=\"lazy\" srcset=\"http:\/\/olesnicaslw.archidiecezja.wroc.pl\/wp-content\/uploads\/2025\/06\/festyn-parafialny-nmp013.jpg 850w, http:\/\/olesnicaslw.archidiecezja.wroc.pl\/wp-content\/uploads\/2025\/06\/festyn-parafialny-nmp013-300x200.jpg 300w, http:\/\/olesnicaslw.archidiecezja.wroc.pl\/wp-content\/uploads\/2025\/06\/festyn-parafialny-nmp013-768x512.jpg 768w, http:\/\/olesnicaslw.archidiecezja.wroc.pl\/wp-content\/uploads\/2025\/06\/festyn-parafialny-nmp013-450x300.jpg 450w, http:\/\/olesnicaslw.archidiecezja.wroc.pl\/wp-content\/uploads\/2025\/06\/festyn-parafialny-nmp013-272x182.jpg 272w\" sizes=\"(max-width: 850px) 100vw, 850px\" \/><\/a>\n\t\t\t<\/div><\/figure><figure class='gallery-item'>\n\t\t\t<div class='gallery-icon landscape'>\n\t\t\t\t<a href='http:\/\/olesnicaslw.archidiecezja.wroc.pl\/wp-content\/uploads\/2025\/06\/festyn-parafialny-nmp018.jpg' title=\"\" data-rl_title=\"\" class=\"rl-gallery-link\" data-rl_caption=\"\" data-rel=\"lightbox-gallery-1\"><img width=\"850\" height=\"567\" src=\"http:\/\/olesnicaslw.archidiecezja.wroc.pl\/wp-content\/uploads\/2025\/06\/festyn-parafialny-nmp018.jpg\" class=\"attachment-large size-large\" alt=\"\" decoding=\"async\" loading=\"lazy\" srcset=\"http:\/\/olesnicaslw.archidiecezja.wroc.pl\/wp-content\/uploads\/2025\/06\/festyn-parafialny-nmp018.jpg 850w, http:\/\/olesnicaslw.archidiecezja.wroc.pl\/wp-content\/uploads\/2025\/06\/festyn-parafialny-nmp018-300x200.jpg 300w, http:\/\/olesnicaslw.archidiecezja.wroc.pl\/wp-content\/uploads\/2025\/06\/festyn-parafialny-nmp018-768x512.jpg 768w, http:\/\/olesnicaslw.archidiecezja.wroc.pl\/wp-content\/uploads\/2025\/06\/festyn-parafialny-nmp018-450x300.jpg 450w, http:\/\/olesnicaslw.archidiecezja.wroc.pl\/wp-content\/uploads\/2025\/06\/festyn-parafialny-nmp018-272x182.jpg 272w\" sizes=\"(max-width: 850px) 100vw, 850px\" \/><\/a>\n\t\t\t<\/div><\/figure><figure class='gallery-item'>\n\t\t\t<div class='gallery-icon landscape'>\n\t\t\t\t<a href='http:\/\/olesnicaslw.archidiecezja.wroc.pl\/wp-content\/uploads\/2025\/06\/festyn-parafialny-nmp021.jpg' title=\"\" data-rl_title=\"\" class=\"rl-gallery-link\" data-rl_caption=\"\" data-rel=\"lightbox-gallery-1\"><img width=\"850\" height=\"567\" src=\"http:\/\/olesnicaslw.archidiecezja.wroc.pl\/wp-content\/uploads\/2025\/06\/festyn-parafialny-nmp021.jpg\" class=\"attachment-large size-large\" alt=\"\" decoding=\"async\" loading=\"lazy\" srcset=\"http:\/\/olesnicaslw.archidiecezja.wroc.pl\/wp-content\/uploads\/2025\/06\/festyn-parafialny-nmp021.jpg 850w, http:\/\/olesnicaslw.archidiecezja.wroc.pl\/wp-content\/uploads\/2025\/06\/festyn-parafialny-nmp021-300x200.jpg 300w, http:\/\/olesnicaslw.archidiecezja.wroc.pl\/wp-content\/uploads\/2025\/06\/festyn-parafialny-nmp021-768x512.jpg 768w, http:\/\/olesnicaslw.archidiecezja.wroc.pl\/wp-content\/uploads\/2025\/06\/festyn-parafialny-nmp021-450x300.jpg 450w, http:\/\/olesnicaslw.archidiecezja.wroc.pl\/wp-content\/uploads\/2025\/06\/festyn-parafialny-nmp021-272x182.jpg 272w\" sizes=\"(max-width: 850px) 100vw, 850px\" \/><\/a>\n\t\t\t<\/div><\/figure><figure class='gallery-item'>\n\t\t\t<div class='gallery-icon landscape'>\n\t\t\t\t<a href='http:\/\/olesnicaslw.archidiecezja.wroc.pl\/wp-content\/uploads\/2025\/06\/festyn-parafialny-nmp024.jpg' title=\"\" data-rl_title=\"\" class=\"rl-gallery-link\" data-rl_caption=\"\" data-rel=\"lightbox-gallery-1\"><img width=\"850\" height=\"567\" src=\"http:\/\/olesnicaslw.archidiecezja.wroc.pl\/wp-content\/uploads\/2025\/06\/festyn-parafialny-nmp024.jpg\" class=\"attachment-large size-large\" alt=\"\" decoding=\"async\" loading=\"lazy\" srcset=\"http:\/\/olesnicaslw.archidiecezja.wroc.pl\/wp-content\/uploads\/2025\/06\/festyn-parafialny-nmp024.jpg 850w, http:\/\/olesnicaslw.archidiecezja.wroc.pl\/wp-content\/uploads\/2025\/06\/festyn-parafialny-nmp024-300x200.jpg 300w, http:\/\/olesnicaslw.archidiecezja.wroc.pl\/wp-content\/uploads\/2025\/06\/festyn-parafialny-nmp024-768x512.jpg 768w, http:\/\/olesnicaslw.archidiecezja.wroc.pl\/wp-content\/uploads\/2025\/06\/festyn-parafialny-nmp024-450x300.jpg 450w, http:\/\/olesnicaslw.archidiecezja.wroc.pl\/wp-content\/uploads\/2025\/06\/festyn-parafialny-nmp024-272x182.jpg 272w\" sizes=\"(max-width: 850px) 100vw, 850px\" \/><\/a>\n\t\t\t<\/div><\/figure><figure class='gallery-item'>\n\t\t\t<div class='gallery-icon landscape'>\n\t\t\t\t<a href='http:\/\/olesnicaslw.archidiecezja.wroc.pl\/wp-content\/uploads\/2025\/06\/festyn-parafialny-nmp032.jpg' title=\"\" data-rl_title=\"\" class=\"rl-gallery-link\" data-rl_caption=\"\" data-rel=\"lightbox-gallery-1\"><img width=\"850\" height=\"567\" src=\"http:\/\/olesnicaslw.archidiecezja.wroc.pl\/wp-content\/uploads\/2025\/06\/festyn-parafialny-nmp032.jpg\" class=\"attachment-large size-large\" alt=\"\" decoding=\"async\" loading=\"lazy\" srcset=\"http:\/\/olesnicaslw.archidiecezja.wroc.pl\/wp-content\/uploads\/2025\/06\/festyn-parafialny-nmp032.jpg 850w, http:\/\/olesnicaslw.archidiecezja.wroc.pl\/wp-content\/uploads\/2025\/06\/festyn-parafialny-nmp032-300x200.jpg 300w, http:\/\/olesnicaslw.archidiecezja.wroc.pl\/wp-content\/uploads\/2025\/06\/festyn-parafialny-nmp032-768x512.jpg 768w, http:\/\/olesnicaslw.archidiecezja.wroc.pl\/wp-content\/uploads\/2025\/06\/festyn-parafialny-nmp032-450x300.jpg 450w, http:\/\/olesnicaslw.archidiecezja.wroc.pl\/wp-content\/uploads\/2025\/06\/festyn-parafialny-nmp032-272x182.jpg 272w\" sizes=\"(max-width: 850px) 100vw, 850px\" \/><\/a>\n\t\t\t<\/div><\/figure><figure class='gallery-item'>\n\t\t\t<div class='gallery-icon landscape'>\n\t\t\t\t<a href='http:\/\/olesnicaslw.archidiecezja.wroc.pl\/wp-content\/uploads\/2025\/06\/festyn-parafialny-nmp035.jpg' title=\"\" data-rl_title=\"\" class=\"rl-gallery-link\" data-rl_caption=\"\" data-rel=\"lightbox-gallery-1\"><img width=\"850\" height=\"567\" src=\"http:\/\/olesnicaslw.archidiecezja.wroc.pl\/wp-content\/uploads\/2025\/06\/festyn-parafialny-nmp035.jpg\" class=\"attachment-large size-large\" alt=\"\" decoding=\"async\" loading=\"lazy\" srcset=\"http:\/\/olesnicaslw.archidiecezja.wroc.pl\/wp-content\/uploads\/2025\/06\/festyn-parafialny-nmp035.jpg 850w, http:\/\/olesnicaslw.archidiecezja.wroc.pl\/wp-content\/uploads\/2025\/06\/festyn-parafialny-nmp035-300x200.jpg 300w, http:\/\/olesnicaslw.archidiecezja.wroc.pl\/wp-content\/uploads\/2025\/06\/festyn-parafialny-nmp035-768x512.jpg 768w, http:\/\/olesnicaslw.archidiecezja.wroc.pl\/wp-content\/uploads\/2025\/06\/festyn-parafialny-nmp035-450x300.jpg 450w, http:\/\/olesnicaslw.archidiecezja.wroc.pl\/wp-content\/uploads\/2025\/06\/festyn-parafialny-nmp035-272x182.jpg 272w\" sizes=\"(max-width: 850px) 100vw, 850px\" \/><\/a>\n\t\t\t<\/div><\/figure><figure class='gallery-item'>\n\t\t\t<div class='gallery-icon landscape'>\n\t\t\t\t<a href='http:\/\/olesnicaslw.archidiecezja.wroc.pl\/wp-content\/uploads\/2025\/06\/festyn-parafialny-nmp037.jpg' title=\"\" data-rl_title=\"\" class=\"rl-gallery-link\" data-rl_caption=\"\" data-rel=\"lightbox-gallery-1\"><img width=\"850\" height=\"567\" src=\"http:\/\/olesnicaslw.archidiecezja.wroc.pl\/wp-content\/uploads\/2025\/06\/festyn-parafialny-nmp037.jpg\" class=\"attachment-large size-large\" alt=\"\" decoding=\"async\" loading=\"lazy\" srcset=\"http:\/\/olesnicaslw.archidiecezja.wroc.pl\/wp-content\/uploads\/2025\/06\/festyn-parafialny-nmp037.jpg 850w, http:\/\/olesnicaslw.archidiecezja.wroc.pl\/wp-content\/uploads\/2025\/06\/festyn-parafialny-nmp037-300x200.jpg 300w, http:\/\/olesnicaslw.archidiecezja.wroc.pl\/wp-content\/uploads\/2025\/06\/festyn-parafialny-nmp037-768x512.jpg 768w, http:\/\/olesnicaslw.archidiecezja.wroc.pl\/wp-content\/uploads\/2025\/06\/festyn-parafialny-nmp037-450x300.jpg 450w, http:\/\/olesnicaslw.archidiecezja.wroc.pl\/wp-content\/uploads\/2025\/06\/festyn-parafialny-nmp037-272x182.jpg 272w\" sizes=\"(max-width: 850px) 100vw, 850px\" \/><\/a>\n\t\t\t<\/div><\/figure><figure class='gallery-item'>\n\t\t\t<div class='gallery-icon landscape'>\n\t\t\t\t<a href='http:\/\/olesnicaslw.archidiecezja.wroc.pl\/wp-content\/uploads\/2025\/06\/festyn-parafialny-nmp039.jpg' title=\"\" data-rl_title=\"\" class=\"rl-gallery-link\" data-rl_caption=\"\" data-rel=\"lightbox-gallery-1\"><img width=\"850\" height=\"567\" src=\"http:\/\/olesnicaslw.archidiecezja.wroc.pl\/wp-content\/uploads\/2025\/06\/festyn-parafialny-nmp039.jpg\" class=\"attachment-large size-large\" alt=\"\" decoding=\"async\" loading=\"lazy\" srcset=\"http:\/\/olesnicaslw.archidiecezja.wroc.pl\/wp-content\/uploads\/2025\/06\/festyn-parafialny-nmp039.jpg 850w, http:\/\/olesnicaslw.archidiecezja.wroc.pl\/wp-content\/uploads\/2025\/06\/festyn-parafialny-nmp039-300x200.jpg 300w, http:\/\/olesnicaslw.archidiecezja.wroc.pl\/wp-content\/uploads\/2025\/06\/festyn-parafialny-nmp039-768x512.jpg 768w, http:\/\/olesnicaslw.archidiecezja.wroc.pl\/wp-content\/uploads\/2025\/06\/festyn-parafialny-nmp039-450x300.jpg 450w, http:\/\/olesnicaslw.archidiecezja.wroc.pl\/wp-content\/uploads\/2025\/06\/festyn-parafialny-nmp039-272x182.jpg 272w\" sizes=\"(max-width: 850px) 100vw, 850px\" \/><\/a>\n\t\t\t<\/div><\/figure><figure class='gallery-item'>\n\t\t\t<div class='gallery-icon landscape'>\n\t\t\t\t<a href='http:\/\/olesnicaslw.archidiecezja.wroc.pl\/wp-content\/uploads\/2025\/06\/festyn-parafialny-nmp046.jpg' title=\"\" data-rl_title=\"\" class=\"rl-gallery-link\" data-rl_caption=\"\" data-rel=\"lightbox-gallery-1\"><img width=\"850\" height=\"567\" src=\"http:\/\/olesnicaslw.archidiecezja.wroc.pl\/wp-content\/uploads\/2025\/06\/festyn-parafialny-nmp046.jpg\" class=\"attachment-large size-large\" alt=\"\" decoding=\"async\" loading=\"lazy\" srcset=\"http:\/\/olesnicaslw.archidiecezja.wroc.pl\/wp-content\/uploads\/2025\/06\/festyn-parafialny-nmp046.jpg 850w, http:\/\/olesnicaslw.archidiecezja.wroc.pl\/wp-content\/uploads\/2025\/06\/festyn-parafialny-nmp046-300x200.jpg 300w, http:\/\/olesnicaslw.archidiecezja.wroc.pl\/wp-content\/uploads\/2025\/06\/festyn-parafialny-nmp046-768x512.jpg 768w, http:\/\/olesnicaslw.archidiecezja.wroc.pl\/wp-content\/uploads\/2025\/06\/festyn-parafialny-nmp046-450x300.jpg 450w, http:\/\/olesnicaslw.archidiecezja.wroc.pl\/wp-content\/uploads\/2025\/06\/festyn-parafialny-nmp046-272x182.jpg 272w\" sizes=\"(max-width: 850px) 100vw, 850px\" \/><\/a>\n\t\t\t<\/div><\/figure><figure class='gallery-item'>\n\t\t\t<div class='gallery-icon landscape'>\n\t\t\t\t<a href='http:\/\/olesnicaslw.archidiecezja.wroc.pl\/wp-content\/uploads\/2025\/06\/festyn-parafialny-nmp051.jpg' title=\"\" data-rl_title=\"\" class=\"rl-gallery-link\" data-rl_caption=\"\" data-rel=\"lightbox-gallery-1\"><img width=\"850\" height=\"567\" src=\"http:\/\/olesnicaslw.archidiecezja.wroc.pl\/wp-content\/uploads\/2025\/06\/festyn-parafialny-nmp051.jpg\" class=\"attachment-large size-large\" alt=\"\" decoding=\"async\" loading=\"lazy\" srcset=\"http:\/\/olesnicaslw.archidiecezja.wroc.pl\/wp-content\/uploads\/2025\/06\/festyn-parafialny-nmp051.jpg 850w, http:\/\/olesnicaslw.archidiecezja.wroc.pl\/wp-content\/uploads\/2025\/06\/festyn-parafialny-nmp051-300x200.jpg 300w, http:\/\/olesnicaslw.archidiecezja.wroc.pl\/wp-content\/uploads\/2025\/06\/festyn-parafialny-nmp051-768x512.jpg 768w, http:\/\/olesnicaslw.archidiecezja.wroc.pl\/wp-content\/uploads\/2025\/06\/festyn-parafialny-nmp051-450x300.jpg 450w, http:\/\/olesnicaslw.archidiecezja.wroc.pl\/wp-content\/uploads\/2025\/06\/festyn-parafialny-nmp051-272x182.jpg 272w\" sizes=\"(max-width: 850px) 100vw, 850px\" \/><\/a>\n\t\t\t<\/div><\/figure>\n\t\t<\/div>\n\n<p><strong>Zdj\u0119cia: Ole\u015bnicainfo.pl<\/strong><\/p>\n<p>&nbsp;<\/p>\n","protected":false},"excerpt":{"rendered":"<p>Podzi\u0119kowania za pomoc w organizacji Festynu &#8222;Wile\u0144ska4&#8221; &nbsp; \u201eCz\u0142owiek jest wielki nie przez to, co posiada, lecz przez to, kim jest; nie przez to, co ma, lecz przez to, czym dzieli si\u0119 z innymi\u201d (\u015bw. Jan Pawe\u0142 II) &nbsp; W imieniu Parafii Naj\u015bwi\u0119tszej Maryi Panny Matki Mi\u0142osierdzia w Ole\u015bnicy obchodz\u0105cej &hellip;<\/p>\n","protected":false},"author":1,"featured_media":0,"parent":0,"menu_order":0,"comment_status":"closed","ping_status":"closed","template":"","meta":[],"_links":{"self":[{"href":"http:\/\/olesnicaslw.archidiecezja.wroc.pl\/index.php\/wp-json\/wp\/v2\/pages\/5473"}],"collection":[{"href":"http:\/\/olesnicaslw.archidiecezja.wroc.pl\/index.php\/wp-json\/wp\/v2\/pages"}],"about":[{"href":"http:\/\/olesnicaslw.archidiecezja.wroc.pl\/index.php\/wp-json\/wp\/v2\/types\/page"}],"author":[{"embeddable":true,"href":"http:\/\/olesnicaslw.archidiecezja.wroc.pl\/index.php\/wp-json\/wp\/v2\/users\/1"}],"replies":[{"embeddable":true,"href":"http:\/\/olesnicaslw.archidiecezja.wroc.pl\/index.php\/wp-json\/wp\/v2\/comments?post=5473"}],"version-history":[{"count":11,"href":"http:\/\/olesnicaslw.archidiecezja.wroc.pl\/index.php\/wp-json\/wp\/v2\/pages\/5473\/revisions"}],"predecessor-version":[{"id":5502,"href":"http:\/\/olesnicaslw.archidiecezja.wroc.pl\/index.php\/wp-json\/wp\/v2\/pages\/5473\/revisions\/5502"}],"wp:attachment":[{"href":"http:\/\/olesnicaslw.archidiecezja.wroc.pl\/index.php\/wp-json\/wp\/v2\/media?parent=5473"}],"curies":[{"name":"wp","href":"https:\/\/api.w.org\/{rel}","templated":true}]}}