{"id":52,"date":"2019-06-03T10:21:53","date_gmt":"2019-06-03T08:21:53","guid":{"rendered":"http:\/\/olesnicaslw.archidiecezja.wroc.pl\/NOWASTRONA2019\/?page_id=52"},"modified":"2021-03-16T13:02:12","modified_gmt":"2021-03-16T12:02:12","slug":"historia-parafii","status":"publish","type":"page","link":"http:\/\/olesnicaslw.archidiecezja.wroc.pl\/index.php\/historia-parafii\/","title":{"rendered":"Historia Parafii"},"content":{"rendered":"<p><img decoding=\"async\" loading=\"lazy\" class=\"size-full wp-image-265 alignleft\" src=\"http:\/\/olesnicaslw.archidiecezja.wroc.pl\/wp-content\/uploads\/2019\/07\/makieta_m.jpg\" alt=\"\" width=\"179\" height=\"104\" \/>Ko\u015bci\u00f3\u0142 NMP Matki Mi\u0142osierdzia zosta\u0142 zbudowany w latach osiemdziesi\u0105tych XX wieku z inicjatywy d\u0142ugoletniego proboszcza Ole\u015bnicy Ksi\u0119dza Infu\u0142ata Franciszka Sudo\u0142a i dzi\u0119ki staraniom Jego Eminencji Ksi\u0119dza Kardyna\u0142a Henryka Gulbinowicza. W 1981 roku \u00f3wczesne w\u0142adze wojew\u00f3dztwa wyda\u0142y pozwolenie na budow\u0119 nowego obiektu sakralnego wOle\u015bnicy. 26 pa\u017adziernika 1982 roku w obecno\u015bci licznie zgromadzonych Ole\u015bniczan sufragan wroc\u0142awski Ksi\u0105dz Biskup Wincenty Urban po\u015bwi\u0119ci\u0142 plac oraz krzy\u017c, kt\u00f3ry stan\u0105\u0142 w miejscu przysz\u0142ej budowy. Kamie\u0144 w\u0119gielny zosta\u0142 po\u015bwi\u0119cony przez Ojca \u015awi\u0119tego Jana Paw\u0142a II podczas pielgrzymi do Wroc\u0142awia w 1983 roku. Projekt architektoniczny \u015bwi\u0105tyni przygotowa\u0142 ole\u015bnicki architekt in\u017cynier Grzegorz \u015awito\u0144. Kszta\u0142tem zewn\u0119trznym ko\u015bci\u00f3\u0142 nawi\u0105zuje do biblijnej Arki Noego. We wn\u0119trzu zosta\u0142 zastosowany podzia\u0142 na trzy nawy z zaznaczonym podwy\u017cszeniem otwartym prezbiterium. W centralnym miejscu znajduje si\u0119 figura pochodz\u0105ca z o\u0142tarza przygotowanego na spotkanie Ojca \u015awi\u0119tego we Wroc\u0142awiu w 1983r. \u015awi\u0105tynia mo\u017ce pomie\u015bci\u0107 ok. 3000 os\u00f3b. W tym miejsc siedz\u0105cych 1056. W budowie nowego domu Bo\u017cego bardzo ofiarnie i licznie uczestniczyli mieszka\u0144cy Ole\u015bnicy w tym specjali\u015bci: in\u017cynier J\u00f3zef Mencel odpowiedzialny za \u00a0konstrukcj\u0119 obiektu, in\u017cynier Stanis\u0142aw Borys &#8211; instalacja sanitarna, in\u017cynier Czes\u0142aw Gody\u0144 &#8211; instalacja elektryczna oraz kieruj\u0105cy pracami in\u017cynier Zdzis\u0142aw Sikora.<\/p>\n<p><img decoding=\"async\" loading=\"lazy\" class=\"size-medium wp-image-263 alignright\" src=\"http:\/\/olesnicaslw.archidiecezja.wroc.pl\/wp-content\/uploads\/2019\/07\/budowa_m.jpg\" alt=\"\" width=\"126\" height=\"178\" \/><\/p>\n<p><img decoding=\"async\" loading=\"lazy\" class=\"size-medium wp-image-264 alignleft\" src=\"http:\/\/olesnicaslw.archidiecezja.wroc.pl\/wp-content\/uploads\/2019\/07\/gulbi_m.jpg\" alt=\"\" width=\"149\" height=\"211\" \/><\/p>\n<p>28 maja 1990 roku dekretem Kurii Metropolitalnej Wroc\u0142awskiej dokonano podzia\u0142u istniej\u0105cej parafii \u015bwi\u0119tego Jana Ewangelisty i utworzono now\u0105 parafi\u0119 Matki Bo\u017cej Mi\u0142osierdzia, w kt\u00f3rej proboszczem zosta\u0142 dotychczasowy wikariusz ole\u015bnickiej parafii Ksi\u0105dz Jan Suchecki. Wieloletnie wysi\u0142ki i starania maj\u0105ce na celu wzniesienie nowej \u015bwi\u0105tyni zosta\u0142y ukoronowane w dniu 23 czerwca 1990 roku zako\u0144czeniem budowy i po\u015bwi\u0119ceniem ko\u015bcio\u0142a Matki Bo\u017cej Mi\u0142osierdzia przez nuncjusza stolicy apostolskiej w Polsce Ksi\u0119dza Arcybiskupa J\u00f3zefa Kowalczyka w obecno\u015bci Metropolity Wroc\u0142awskiego Ksi\u0119dza Kardyna\u0142a Henryka Gulbinowicza i \u00f3wczesnych biskup\u00f3w pomocniczych: Tadeusza Rybaka, J\u00f3zefa Pazdura, Jana Tyrawy i wielce zas\u0142u\u017conego w dziele budowy Ksi\u0119dza Infu\u0142ata Franciszka Sudo\u0142a. Ko\u015bci\u00f3\u0142 po\u015bwi\u0119cony i oddany do u\u017cytku wiernych wymaga\u0142 jeszcze wiele pracy i wysi\u0142ku, aby uzyska\u0107 \u015bwietno\u015b\u0107 nale\u017cn\u0105 domowi Bo\u017cemu, <a style=\"text-decoration: inherit !important; color: inherit !important;\" href=\"https:\/\/www.business-money.com\/announcements\/moving-office\/\">you can find out more<\/a>. Metropolita Wroc\u0142awski Ksi\u0105dz Kardyna\u0142 Henryk Gulbinowicz ofiarowa\u0142 kopi\u0119 obrazu patronki ko\u015bcio\u0142a Matki Bo\u017cej Ostrobramskiej autorstwa Zofii Ba\u0142zukiewicz\u00f3wny w nast\u0119pnych latach \u015bwi\u0105tynia otrzyma\u0142a dar od Kurii Wroc\u0142awskiej w postaci figur aposto\u0142\u00f3w Piotra i Paw\u0142a oraz rze\u017aby przedstawiaj\u0105ce rodzic\u00f3w Matki Bo\u017cej Joahima i Ann\u0119.<img decoding=\"async\" loading=\"lazy\" class=\"size-medium wp-image-266 alignright\" src=\"http:\/\/olesnicaslw.archidiecezja.wroc.pl\/wp-content\/uploads\/2019\/07\/plac_m.jpg\" alt=\"\" width=\"182\" height=\"118\" \/> W 1992 roku na mocy dekretu Biskupa Polowego \u015bwi\u0105tynia sta\u0142a si\u0119 ko\u015bcio\u0142em garnizonowym. W roku Wielkiego Jubileuszu 2000 lat chrze\u015bcija\u0144stwa i Jubileuszu 1000-lecia Diecezji Wroc\u0142awskiej oraz 10-lecia istnienia \u015bwi\u0105tyni legat papieski Kardyna\u0142 Edmund Szoka w obecno\u015bci Arcybiskupa Kolonii Joahima Meisnera i Metropolity Wroc\u0142awskiego Henryka Kardyna\u0142a Gulbinowicza, Biskupa Polowego Leszka S\u0142awoja-G\u0142\u00f3dzia oraz Biskup\u00f3w pomocniczych J\u00f3zefa Pazdura, Jana Tyrawy, Edwarda Janiaka dokona\u0142 obrz\u0119du konsekracji ko\u015bcio\u0142a Matki Bo\u017cej Mi\u0142osierdzia. 29 pa\u017adziernika 2000 roku<\/p>\n<p><img decoding=\"async\" loading=\"lazy\" class=\"size-full wp-image-262 alignleft\" src=\"http:\/\/olesnicaslw.archidiecezja.wroc.pl\/wp-content\/uploads\/2019\/07\/1msza_m.jpg\" alt=\"\" width=\"178\" height=\"117\" \/><\/p>\n<p>Jego Eminencja Kardyna\u0142 Joseph Ratzinger dokona\u0142 po\u015bwi\u0119cenia figury Chrystusa Kr\u00f3la Wszech\u015bwiata projektu ksi\u0119dza Czes\u0142awa Jana Mazura, kt\u00f3ra jest replik\u0105 rze\u017aby z kolumny pomnika na cze\u015b\u0107 Chrystusa Kr\u00f3la postawionej we Wroc\u0142awiu w podzi\u0119kowaniu Bogu za tysi\u0105clecie biskupstwa wroc\u0142awskiego i dwa tysi\u0105ce lat chrze\u015bcija\u0144stwa.<\/p>\n<p>&nbsp;<\/p>\n<p style=\"text-align: right;\">Opracowa\u0142a: Barbara Biela\u0144ska-Karasek<\/p>\n","protected":false},"excerpt":{"rendered":"<p>Ko\u015bci\u00f3\u0142 NMP Matki Mi\u0142osierdzia zosta\u0142 zbudowany w latach osiemdziesi\u0105tych XX wieku z inicjatywy d\u0142ugoletniego proboszcza Ole\u015bnicy Ksi\u0119dza Infu\u0142ata Franciszka Sudo\u0142a i dzi\u0119ki staraniom Jego Eminencji Ksi\u0119dza Kardyna\u0142a Henryka Gulbinowicza. W 1981 roku \u00f3wczesne w\u0142adze wojew\u00f3dztwa wyda\u0142y pozwolenie na budow\u0119 nowego obiektu sakralnego wOle\u015bnicy. 26 pa\u017adziernika 1982 roku w obecno\u015bci licznie &hellip;<\/p>\n","protected":false},"author":1,"featured_media":97,"parent":0,"menu_order":0,"comment_status":"closed","ping_status":"closed","template":"","meta":[],"_links":{"self":[{"href":"http:\/\/olesnicaslw.archidiecezja.wroc.pl\/index.php\/wp-json\/wp\/v2\/pages\/52"}],"collection":[{"href":"http:\/\/olesnicaslw.archidiecezja.wroc.pl\/index.php\/wp-json\/wp\/v2\/pages"}],"about":[{"href":"http:\/\/olesnicaslw.archidiecezja.wroc.pl\/index.php\/wp-json\/wp\/v2\/types\/page"}],"author":[{"embeddable":true,"href":"http:\/\/olesnicaslw.archidiecezja.wroc.pl\/index.php\/wp-json\/wp\/v2\/users\/1"}],"replies":[{"embeddable":true,"href":"http:\/\/olesnicaslw.archidiecezja.wroc.pl\/index.php\/wp-json\/wp\/v2\/comments?post=52"}],"version-history":[{"count":7,"href":"http:\/\/olesnicaslw.archidiecezja.wroc.pl\/index.php\/wp-json\/wp\/v2\/pages\/52\/revisions"}],"predecessor-version":[{"id":2025,"href":"http:\/\/olesnicaslw.archidiecezja.wroc.pl\/index.php\/wp-json\/wp\/v2\/pages\/52\/revisions\/2025"}],"wp:featuredmedia":[{"embeddable":true,"href":"http:\/\/olesnicaslw.archidiecezja.wroc.pl\/index.php\/wp-json\/wp\/v2\/media\/97"}],"wp:attachment":[{"href":"http:\/\/olesnicaslw.archidiecezja.wroc.pl\/index.php\/wp-json\/wp\/v2\/media?parent=52"}],"curies":[{"name":"wp","href":"https:\/\/api.w.org\/{rel}","templated":true}]}}