{"id":3889,"date":"2024-02-24T19:11:44","date_gmt":"2024-02-24T18:11:44","guid":{"rendered":"http:\/\/olesnicaslw.archidiecezja.wroc.pl\/?page_id=3889"},"modified":"2024-06-30T22:26:13","modified_gmt":"2024-06-30T20:26:13","slug":"transmisja","status":"publish","type":"page","link":"http:\/\/olesnicaslw.archidiecezja.wroc.pl\/index.php\/transmisja\/","title":{"rendered":"TRANSMISJA"},"content":{"rendered":"<div id=\"pl-3889\"  class=\"panel-layout\" ><div id=\"pg-3889-0\"  class=\"panel-grid panel-no-style\" ><div id=\"pgc-3889-0-0\"  class=\"panel-grid-cell\" ><div id=\"panel-3889-0-0-0\" class=\"so-panel widget widget_text panel-first-child\" data-index=\"0\" >\t\t\t<div class=\"textwidget\"><p>Od 25 lutego 2024 r. rozpoczynamy transmisj\u0119 Mszy \u015awi\u0119tej <span style=\"text-decoration: underline;\">dla chorych<\/span>.<\/p>\n<p>Mamy nadziej\u0119, \u017ce wszyscy prze\u017cywaj\u0105cy sw\u00f3j krzy\u017c choroby, zamkni\u0119ci w swoich mieszkaniach, w\u0142\u0105cz\u0105 si\u0119 we wsp\u00f3ln\u0105 modlitw\u0119 Ko\u015bcio\u0142a parafialnego.<\/p>\n<p>TRANSMSJA:<\/p>\n<ul>\n<li>w ka\u017cd\u0105 niedziel\u0119 o godz. 9:00 &#8211; Msza \u015awi\u0119ta<\/li>\n<li>codziennie od godz. 8:00 do godz. 18:00 &#8211; adoracja Naj\u015bwi\u0119tszego Sakramentu<\/li>\n<li>w ka\u017cdy pi\u0105tek Wielkiego Postu o godz. 9:00 &#8211; Droga Krzy\u017cowa<\/li>\n<\/ul>\n<\/div>\n\t\t<\/div><div id=\"panel-3889-0-0-1\" class=\"so-panel widget widget_text panel-last-child\" data-index=\"1\" ><div class=\"panel-widget-style panel-widget-style-for-3889-0-0-1\" >\t\t\t<div class=\"textwidget\"><p>Aby uruchomi\u0107 transmisj\u0119 naci\u015bnij <a href=\"https:\/\/www.youtube.com\/@Parafia-wilenska4\/streams\" target=\"_blank\" rel=\"noopener\"><strong>tutaj<\/strong><\/a>, lub przejd\u017a pod poni\u017cszy link: https:\/\/www.youtube.com\/@Parafia-wilenska4\/streams<\/p>\n<\/div>\n\t\t<\/div><\/div><\/div><\/div><\/div>","protected":false},"excerpt":{"rendered":"<p>Od 25 lutego 2024 r. rozpoczynamy transmisj\u0119 Mszy \u015awi\u0119tej dla chorych. Mamy nadziej\u0119, \u017ce wszyscy prze\u017cywaj\u0105cy sw\u00f3j krzy\u017c choroby, zamkni\u0119ci w swoich mieszkaniach, w\u0142\u0105cz\u0105 si\u0119 we wsp\u00f3ln\u0105 modlitw\u0119 Ko\u015bcio\u0142a parafialnego. TRANSMSJA: w ka\u017cd\u0105 niedziel\u0119 o godz. 9:00 &#8211; Msza \u015awi\u0119ta codziennie od godz. 8:00 do godz. 18:00 &#8211; adoracja Naj\u015bwi\u0119tszego &hellip;<\/p>\n","protected":false},"author":1,"featured_media":0,"parent":0,"menu_order":0,"comment_status":"closed","ping_status":"closed","template":"","meta":[],"_links":{"self":[{"href":"http:\/\/olesnicaslw.archidiecezja.wroc.pl\/index.php\/wp-json\/wp\/v2\/pages\/3889"}],"collection":[{"href":"http:\/\/olesnicaslw.archidiecezja.wroc.pl\/index.php\/wp-json\/wp\/v2\/pages"}],"about":[{"href":"http:\/\/olesnicaslw.archidiecezja.wroc.pl\/index.php\/wp-json\/wp\/v2\/types\/page"}],"author":[{"embeddable":true,"href":"http:\/\/olesnicaslw.archidiecezja.wroc.pl\/index.php\/wp-json\/wp\/v2\/users\/1"}],"replies":[{"embeddable":true,"href":"http:\/\/olesnicaslw.archidiecezja.wroc.pl\/index.php\/wp-json\/wp\/v2\/comments?post=3889"}],"version-history":[{"count":25,"href":"http:\/\/olesnicaslw.archidiecezja.wroc.pl\/index.php\/wp-json\/wp\/v2\/pages\/3889\/revisions"}],"predecessor-version":[{"id":4380,"href":"http:\/\/olesnicaslw.archidiecezja.wroc.pl\/index.php\/wp-json\/wp\/v2\/pages\/3889\/revisions\/4380"}],"wp:attachment":[{"href":"http:\/\/olesnicaslw.archidiecezja.wroc.pl\/index.php\/wp-json\/wp\/v2\/media?parent=3889"}],"curies":[{"name":"wp","href":"https:\/\/api.w.org\/{rel}","templated":true}]}}