{"id":3646,"date":"2023-11-29T12:00:33","date_gmt":"2023-11-29T11:00:33","guid":{"rendered":"http:\/\/olesnicaslw.archidiecezja.wroc.pl\/?page_id=3646"},"modified":"2023-12-30T14:56:43","modified_gmt":"2023-12-30T13:56:43","slug":"koleda-2","status":"publish","type":"page","link":"http:\/\/olesnicaslw.archidiecezja.wroc.pl\/index.php\/koleda-2\/","title":{"rendered":"Kol\u0119da"},"content":{"rendered":"<div id=\"pl-3646\"  class=\"panel-layout\" ><div id=\"pg-3646-0\"  class=\"panel-grid panel-no-style\" ><div id=\"pgc-3646-0-0\"  class=\"panel-grid-cell\" ><div id=\"panel-3646-0-0-0\" class=\"so-panel widget widget_text panel-first-child\" data-index=\"0\" ><div class=\"panel-widget-style panel-widget-style-for-3646-0-0-0\" >\t\t\t<div class=\"textwidget\"><p><span style=\"font-size: large;\"><br \/>\n<strong>UWAGA!<\/strong><br \/>\n<strong>Zapisy od 30.12.2023 r. godz. 15:00\u00a0<u>wy\u0142\u0105cznie na kol\u0119d\u0119 dodatkow\u0105<\/u>, kt\u00f3ra odb\u0119dzie si\u0119 w sobot\u0119 20.01.2024 r.<\/strong><\/span><\/p>\n<\/div>\n\t\t<\/div><\/div><div id=\"panel-3646-0-0-1\" class=\"widget_text so-panel widget widget_custom_html panel-last-child\" data-index=\"1\" ><div class=\"textwidget custom-html-widget\"><iframe src=\"https:\/\/docs.google.com\/forms\/d\/e\/1FAIpQLSdgtLaNsxrDvvRLP72Wit-1f2_kUsmZ60Fht-pKfBmM78F1OA\/viewform?embedded=true\" width=\"640\" height=\"876\" frameborder=\"0\" marginheight=\"0\" marginwidth=\"0\">\u0141aduj\u0119\u2026<\/iframe><\/div><\/div><\/div><\/div><\/div>","protected":false},"excerpt":{"rendered":"<p>UWAGA! Zapisy od 30.12.2023 r. godz. 15:00\u00a0wy\u0142\u0105cznie na kol\u0119d\u0119 dodatkow\u0105, kt\u00f3ra odb\u0119dzie si\u0119 w sobot\u0119 20.01.2024 r.<\/p>\n","protected":false},"author":1,"featured_media":0,"parent":0,"menu_order":0,"comment_status":"closed","ping_status":"closed","template":"","meta":[],"_links":{"self":[{"href":"http:\/\/olesnicaslw.archidiecezja.wroc.pl\/index.php\/wp-json\/wp\/v2\/pages\/3646"}],"collection":[{"href":"http:\/\/olesnicaslw.archidiecezja.wroc.pl\/index.php\/wp-json\/wp\/v2\/pages"}],"about":[{"href":"http:\/\/olesnicaslw.archidiecezja.wroc.pl\/index.php\/wp-json\/wp\/v2\/types\/page"}],"author":[{"embeddable":true,"href":"http:\/\/olesnicaslw.archidiecezja.wroc.pl\/index.php\/wp-json\/wp\/v2\/users\/1"}],"replies":[{"embeddable":true,"href":"http:\/\/olesnicaslw.archidiecezja.wroc.pl\/index.php\/wp-json\/wp\/v2\/comments?post=3646"}],"version-history":[{"count":19,"href":"http:\/\/olesnicaslw.archidiecezja.wroc.pl\/index.php\/wp-json\/wp\/v2\/pages\/3646\/revisions"}],"predecessor-version":[{"id":3750,"href":"http:\/\/olesnicaslw.archidiecezja.wroc.pl\/index.php\/wp-json\/wp\/v2\/pages\/3646\/revisions\/3750"}],"wp:attachment":[{"href":"http:\/\/olesnicaslw.archidiecezja.wroc.pl\/index.php\/wp-json\/wp\/v2\/media?parent=3646"}],"curies":[{"name":"wp","href":"https:\/\/api.w.org\/{rel}","templated":true}]}}