{"id":269,"date":"2019-07-08T21:06:23","date_gmt":"2019-07-08T19:06:23","guid":{"rendered":"http:\/\/olesnicaslw.archidiecezja.wroc.pl\/?page_id=269"},"modified":"2022-04-11T14:42:46","modified_gmt":"2022-04-11T12:42:46","slug":"chor-parafialny-iunctus","status":"publish","type":"page","link":"http:\/\/olesnicaslw.archidiecezja.wroc.pl\/index.php\/chor-parafialny-iunctus\/","title":{"rendered":"Ch\u00f3r parafialny IUNCTUS"},"content":{"rendered":"<p>Historia parafialnego ch\u00f3ru Iunctus si\u0119ga pocz\u0105tku lat 90. Wtedy to grupa m\u0142odzie\u017cy gromadzi\u0142a si\u0119, aby s\u0142u\u017cy\u0107 \u015bpiewem podczas Mszy \u015aw. o godz. 9.00. G\u0142\u00f3wnym inicjatorem tych spotka\u0144 by\u0142 Wojciech Karasek. Do \u015bpiewu ch\u00f3ralnego by\u0142o co prawda jeszcze wtedy daleko (by\u0142y to g\u0142\u00f3wnie religijne piosenki z gitar\u0105), ale zmiany w jego kierunku przynios\u0142o mi\u0119dzy innymi przygotowanie do Europejskiego Spotkania M\u0142odych wsp\u00f3lnoty Taiz\u00e9, kt\u00f3re mia\u0142o odby\u0107 si\u0119 we Wroc\u0142awiu w 1995 roku.Jednym z charakterystycznych element\u00f3w tych spotka\u0144 jest modlitwa \u015bpiewem, przy pomocy wielog\u0142osowych, kr\u00f3tkich kanon\u00f3w. Spotkania modlitewne w duchu Taiz\u00e9 odbywa\u0142y si\u0119 r\u00f3wnie\u017c w naszej parafii, a ich prowadzeniem zajmowali si\u0119 cz\u0142onkowie muzycznej grupy.<\/p>\n<p>Po\u0142owa lat 90. by\u0142a r\u00f3wnie\u017c czasem rozkwitu o\u015brodk\u00f3w liturgicznych powstaj\u0105cych wok\u00f3\u0142 duszpasterstw dominika\u0144skich. Ich owocem by\u0142y m.in. nowe wielog\u0142osowe pie\u015bni liturgiczne, ch\u0119tnie przenoszone przez zespo\u0142y i schole do parafii. W takim w\u0142a\u015bnie klimacie \u015bpiewaj\u0105ca grupa m\u0142odych przygotowuj\u0105c pierwsze czterog\u0142osowe opracowania pie\u015bni na Triduum Paschalne da\u0142a pocz\u0105tek parafialnemu ch\u00f3rowi. Pierwszymi dyrygentkami ch\u00f3ru by\u0142y Ewa Wi\u015bniewska (obecnie Chor\u0105\u017cyczewska) i Katarzyna Przytu\u0142a (Tomaszewska). W 1998 roku, na kr\u00f3tko, ch\u00f3r po\u0142\u0105czy\u0142 si\u0119 z ch\u00f3rem parafii \u015bw. Jana Ap., a prowadzenie przej\u0119\u0142a Edyta Szostak-Kirzyc.<\/p>\n<p>W 2002 roku, z inicjatywy Renaty Hrehorowicz (Wojtylak) nast\u0105pi\u0142a reaktywacja ch\u00f3ru parafialnego, a jego dyrygentem zosta\u0142a Iwona Szatkowska (Wr\u00f3bel). Z czasem cz\u0142onkowie grupy zdecydowali o przyj\u0119ciu obecnej nazwy ch\u00f3ru. Iunctus (\u0142ac. zjednoczony) &#8211; wyra\u017ca ch\u0119\u0107 bycia prawdziw\u0105 wsp\u00f3lnot\u0105, kt\u00f3ra mimo r\u00f3\u017cnorodno\u015bci jej cz\u0142onk\u00f3w, poprzez swoj\u0105 pasj\u0119 &#8211; muzyk\u0119 i \u015bpiew &#8211; stara si\u0119 jak naj\u015bci\u015blej po\u0142\u0105czy\u0107 z Bogiem, Najdoskonalszym Muzykiem.<\/p>\n<p>Obecnie ch\u00f3r swoim \u015bpiewem s\u0142u\u017cy podczas liturgii najwa\u017cniejszych \u015bwi\u0105t (Triduum Paschalne, Bo\u017ce Narodzenie), uroczysto\u015bci parafialnych (odpust, bierzmowanie, prymicje), a tak\u017ce niedzielnych Mszy \u015aw. i nabo\u017ce\u0144stw okresowych (Droga Krzy\u017cowa). Swoj\u0105 pos\u0142ug\u0119 modlitewn\u0105 i ewangelizacyjn\u0105 realizuje tak\u017ce poprzez inicjowanie nabo\u017ce\u0144stw (Akatyst ku czci Naj\u015bwi\u0119tszej Maryi Panny) czy udzia\u0142 w festynach parafialnych, koncertach i innych imprezach organizowanych w mie\u015bcie i nie tylko (Orszak Trzech Kr\u00f3li, Biesiada charytatywna, kol\u0119dowanie z innymi ole\u015bnickimi ch\u00f3rami).<\/p>\n<p>Swoje umiej\u0119tno\u015bci cz\u0142onkowie ch\u00f3ru doskonal\u0105 poprzez udzia\u0142 w warsztatach muzyczno-liturgicznych u OO. Dominikan\u00f3w we Wroc\u0142awiu oraz organizuj\u0105c takie warsztaty w naszej parafii. Ch\u00f3r Iunctus, na przestrzeni lat, uczestniczy\u0142 r\u00f3wnie\u017c w wielu koncertach, przegl\u0105dach i konkursach. W 2009 roku zosta\u0142 zaproszony na koncert w ramach VI Rekolekcji Ewangelizacyjnych pod has\u0142em: Cz\u0142owieku, wejd\u017a na drzewo, kt\u00f3ry odby\u0142 si\u0119 w Bazylice \u015bw. Jadwigi w Trzebnicy. W 2010 roku Ch\u00f3r Akademicki &#8222;Pro Pace&#8221; i Warszawska Orkiestra Symfoniczna &#8222;Archi Dello Spirito&#8221; zaprosili ch\u00f3rzyst\u00f3w z naszej parafii na wsp\u00f3lny koncert &#8222;Pochwa\u0142a mi\u0142osierdzia&#8221;, kt\u00f3ry odby\u0142 si\u0119 w \u015awidnicy. W 2011 r. Iunctus odpowiada\u0142 za opraw\u0119 muzyczn\u0105 podczas <a style=\"color: #000000; text-decoration: none;\" href=\"https:\/\/blogs.goddardschool.com\/Avon-OH\/2018\/03\/29\/10-tips-for-traveling-with-your-preschooler\/\">The Goddard Schools<\/a> po\u015bwi\u0119cenia pierwszego w naszej archidiecezji ko\u015bcio\u0142a pod wezwaniem b\u0142. Jana Paw\u0142a II w Kobylej G\u0142owie (par. Ciep\u0142owody). W 2012 r. podczas VI Og\u00f3lnopolskiego Przegl\u0105du Pie\u015bni Sakralnej &#8222;Vox Domini&#8221; w Prusicach ch\u00f3r wy\u015bpiewa\u0142 drugie miejsce. Rok 2013 rozpocz\u0105\u0142 si\u0119 dla ch\u00f3rzyst\u00f3w osi\u0105gni\u0119ciem II miejsca w kategorii ch\u00f3r\u00f3w parafialnych w Mi\u0119dzynarodowym Festiwalu Kol\u0119d i Pastora\u0142ek im. ks. Kazimierza Szwarlika w B\u0119dzinie czyta\u0107 <a style=\"text-decoration: inherit !important; color: inherit !important;\" href=\"https:\/\/brands-list.com\/advantages-of-commercial-security-tech\/\">a useful source<\/a>. Tego samego roku ch\u00f3r wy\u015bpiewa\u0142 II miejsce podczas XV Salwatoria\u0144skiego Festiwalu Piosenki Religijnej w Trzebnicy. W 2014 roku nasz parafialny ch\u00f3r wzi\u0105\u0142 udzia\u0142 w X Og\u00f3lnopolskim Przegl\u0105dzie Ch\u00f3r\u00f3w Ko\u015bcielnych Pie\u015bni Pokutnej i Pasyjnej w \u017borach, gdzie zaj\u0105\u0142 III miejsce.<\/p>\n<p>W przeddzie\u0144 kanonizacji Jana Paw\u0142a II (2014) po\u0142\u0105czone ch\u00f3ry Iunctus i Appasionata (z MOKiS Ole\u015bnica) wyst\u0105pi\u0142y w ole\u015bnickim amfiteatrze Nad Stawami we wsp\u00f3lnym koncercie. Zapocz\u0105tkowa\u0142 on wsp\u00f3\u0142prac\u0119 obu zespo\u0142\u00f3w, kt\u00f3ra zaowocowa\u0142a mi\u0119dzy innymi wsp\u00f3lnym wyst\u0119pem w castingu do widowiska operowego &#8222;Zarzuela&#8221;, przygotowywanego w ramach projektu Wroc\u0142aw &#8211; Europejska Stolica Kultury 2016. Po przes\u0142uchaniach w Operze Wroc\u0142awskiej, nasz ch\u00f3r zosta\u0142 zakwalifikowany do udzia\u0142u w tym przedsi\u0119wzi\u0119ciu.<\/p>\n<p>Najwa\u017cniejszym zadaniem ch\u00f3ru pozostaje jednak s\u0142u\u017cba w parafii, a celem podejmowanych dzia\u0142a\u0144 jest w\u0142asny rozw\u00f3j duchowy cz\u0142onk\u00f3w zespo\u0142u oraz &#8211; o ile to tylko mo\u017cliwe &#8211; pomoc innym w nawi\u0105zaniu modlitewnej \u0142\u0105czno\u015bci z Bogiem. Rado\u015b\u0107 z muzykowania jest dodatkowym elementem, kt\u00f3ry pozwala zachwyci\u0107 si\u0119 Bo\u017c\u0105 chwa\u0142\u0105. W Bo\u017ce Narodzenie 2015 r. ch\u00f3r wyda\u0142 p\u0142yt\u0119 z kol\u0119dami &#8222;B\u00f3g si\u0119 rodzi&#8221;.<\/p>\n","protected":false},"excerpt":{"rendered":"<p>Historia parafialnego ch\u00f3ru Iunctus si\u0119ga pocz\u0105tku lat 90. Wtedy to grupa m\u0142odzie\u017cy gromadzi\u0142a si\u0119, aby s\u0142u\u017cy\u0107 \u015bpiewem podczas Mszy \u015aw. o godz. 9.00. G\u0142\u00f3wnym inicjatorem tych spotka\u0144 by\u0142 Wojciech Karasek. Do \u015bpiewu ch\u00f3ralnego by\u0142o co prawda jeszcze wtedy daleko (by\u0142y to g\u0142\u00f3wnie religijne piosenki z gitar\u0105), ale zmiany w jego &hellip;<\/p>\n","protected":false},"author":1,"featured_media":0,"parent":0,"menu_order":0,"comment_status":"closed","ping_status":"closed","template":"","meta":[],"_links":{"self":[{"href":"http:\/\/olesnicaslw.archidiecezja.wroc.pl\/index.php\/wp-json\/wp\/v2\/pages\/269"}],"collection":[{"href":"http:\/\/olesnicaslw.archidiecezja.wroc.pl\/index.php\/wp-json\/wp\/v2\/pages"}],"about":[{"href":"http:\/\/olesnicaslw.archidiecezja.wroc.pl\/index.php\/wp-json\/wp\/v2\/types\/page"}],"author":[{"embeddable":true,"href":"http:\/\/olesnicaslw.archidiecezja.wroc.pl\/index.php\/wp-json\/wp\/v2\/users\/1"}],"replies":[{"embeddable":true,"href":"http:\/\/olesnicaslw.archidiecezja.wroc.pl\/index.php\/wp-json\/wp\/v2\/comments?post=269"}],"version-history":[{"count":6,"href":"http:\/\/olesnicaslw.archidiecezja.wroc.pl\/index.php\/wp-json\/wp\/v2\/pages\/269\/revisions"}],"predecessor-version":[{"id":2663,"href":"http:\/\/olesnicaslw.archidiecezja.wroc.pl\/index.php\/wp-json\/wp\/v2\/pages\/269\/revisions\/2663"}],"wp:attachment":[{"href":"http:\/\/olesnicaslw.archidiecezja.wroc.pl\/index.php\/wp-json\/wp\/v2\/media?parent=269"}],"curies":[{"name":"wp","href":"https:\/\/api.w.org\/{rel}","templated":true}]}}