{"id":167,"date":"2019-06-24T18:35:07","date_gmt":"2019-06-24T16:35:07","guid":{"rendered":"http:\/\/olesnicaslw.archidiecezja.wroc.pl\/NOWASTRONA2019\/?page_id=167"},"modified":"2025-04-05T15:50:16","modified_gmt":"2025-04-05T13:50:16","slug":"poradnia-rodzinna","status":"publish","type":"page","link":"http:\/\/olesnicaslw.archidiecezja.wroc.pl\/index.php\/poradnia-rodzinna\/","title":{"rendered":"Poradnia Rodzinna"},"content":{"rendered":"<h4 style=\"text-align: center;\"><strong>KATECHEZA PRZEDMA\u0141\u017bE\u0143SKA<\/strong><\/h4>\n<p><strong>Duszpasterstwo Parafii informuje, \u017ce przygotowanie narzeczonych do zawarcia sakramentu ma\u0142\u017ce\u0144stwa obejmuje 4 katechezy (spotkania grupowe) i 3 spotkania indywidualne z pracownikami Poradni Rodzinnej. Telefon do poradni +48 783806680.<\/strong><\/p>\n<p style=\"text-align: center;\" align=\"JUSTIFY\"><span style=\"font-size: xx-large;\"><b>Katechezy przed\u015blubne:<\/b><\/span><\/p>\n<p align=\"JUSTIFY\"><b style=\"font-size: xx-large; text-indent: 0em;\">Katechezy przed\u015blubne obejmuj\u0105 4 spotkania og\u00f3lne (po ok. 1,5 godz. ka\u017cde) i 3 indywidualne (spotkania godzinne). Narzeczeni winni zg\u0142osi\u0107 si\u0119 do parafialnej poradni rodzinnej minimum 3 miesi\u0105ce przed planowanym terminem \u015blubu. Spotkania og\u00f3lne odbywaj\u0105 si\u0119 w pomieszczeniach poradni (budynek katechetyczny, I pi\u0119tro) w podanych poni\u017cej terminach, od godz. 19.00.<\/b><\/p>\n<p align=\"JUSTIFY\"><span style=\"font-size: xx-large;\"><b> Terminy katechez og\u00f3lnych:<\/b><\/span><\/p>\n<h2><strong>Katechezy przed\u015blubne:<\/strong><\/h2>\n<h2><strong>&#8211; cykl I &#8211; w czwartki listopada 2025 r.: 6.11; 13.11; 20.11; 27.11. 2025.<\/strong><\/h2>\n<p align=\"JUSTIFY\"><span style=\"font-size: xx-large;\"><b> Zg\u0142oszenia telefoniczne \u2013 660\u00a0664\u00a0693 (preferowane) lub poprzez e-mail: spr.olesnica@onet.pl<\/b><\/span><\/p>\n<p align=\"JUSTIFY\">\n<p><span style=\"font-family: Tahoma, sans-serif;\"><span style=\"font-size: large;\"><b>Specjalistyczna<\/b><\/span><\/span><b> <\/b><span style=\"font-family: Tahoma, sans-serif;\"><span style=\"font-size: large;\"><b>Poradnia<\/b><\/span><\/span><b> <\/b><span style=\"font-family: Tahoma, sans-serif;\"><span style=\"font-size: large;\"><b>Rodzinna<\/b><\/span><\/span><\/p>\n<p><span style=\"font-family: Tahoma, sans-serif;\">przy<\/span> <span style=\"font-family: Tahoma, sans-serif;\">Rzymsko-Katolickiej<\/span> <span style=\"font-family: Tahoma, sans-serif;\">Parafii<\/span><\/p>\n<p><span style=\"font-family: Tahoma, sans-serif;\"> p<\/span><span style=\"font-family: Tahoma, sans-serif;\">.w.<\/span> <span style=\"font-family: Tahoma, sans-serif;\">Naj\u015bwi\u0119tszej<\/span> <span style=\"font-family: Tahoma, sans-serif;\">Maryi<\/span> <span style=\"font-family: Tahoma, sans-serif;\">Panny<\/span> <span style=\"font-family: Tahoma, sans-serif;\">Matki<\/span> <span style=\"font-family: Tahoma, sans-serif;\">Mi\u0142osierdzia<\/span><span style=\"font-family: Tahoma, sans-serif;\"> w Ole\u015bnicy <\/span><\/p>\n<p><span style=\"font-family: Tahoma, sans-serif;\"> 56-400 Ole\u015bnica ul. Wile\u0144ska 4 (dom katechetyczny, I pi\u0119tro);<\/span><\/p>\n<p><span style=\"font-family: Tahoma, sans-serif;\"> tel. dla petent\u00f3w &#8211; 783 806 680 &#8211; <\/span><span style=\"font-family: Tahoma, sans-serif;\"><b>w godzinach dy\u017cur\u00f3w specjalist\u00f3w<\/b><\/span><span style=\"font-family: Tahoma, sans-serif;\">;<\/span><\/p>\n<p><span style=\"font-family: Tahoma, sans-serif;\"> tel. kontaktowy &#8211; 660 664 693;<\/span><\/p>\n<p><span style=\"font-family: Tahoma, sans-serif;\">e-mail: spr.olesnica@onet.pl<\/span><\/p>\n<hr \/>\n<p align=\"CENTER\"><span style=\"color: #000000;\"><span style=\"font-family: Tahoma, sans-serif;\"><span style=\"font-size: large;\"><b>DY\u017bURY PORADNI W 2025 R.<\/b><\/span><\/span><\/span><\/p>\n<p align=\"CENTER\"><span style=\"color: #0000ff;\"><span style=\"font-family: Tahoma, sans-serif;\"><span style=\"font-size: large;\"><b>PORADY UDZIELANE S\u0104 BEZP\u0141ATNIE<\/b><\/span><\/span><\/span><\/p>\n<ul>\n<li><span style=\"font-family: Tahoma, sans-serif;\"><span style=\"font-size: large;\"><b>Doradca \u017cycia rodzinnego<\/b><\/span><\/span><span style=\"font-family: Tahoma, sans-serif;\"><span style=\"font-size: large;\"> (uzale\u017cnienia, agresja, naturalne metody <\/span><\/span><\/li>\n<\/ul>\n<p><span style=\"font-family: Tahoma, sans-serif;\"><span style=\"font-size: large;\">planowania rodziny) <\/span><\/span><span style=\"font-family: Tahoma, sans-serif;\"><span style=\"font-size: large;\"><i><b>\u2013 poniedzia\u0142ek godz. 18.00-20.00<\/b><\/i><\/span><\/span><\/p>\n<ul>\n<li><span style=\"font-family: Tahoma, sans-serif;\"><span style=\"font-size: large;\"><b>Pedagog <\/b><\/span><\/span><span style=\"font-family: Tahoma, sans-serif;\"><span style=\"font-size: large;\">(terapia indywidualna, ma\u0142\u017ce\u0144ska, problemy wychowawcze) <\/span><\/span><i><b> <\/b><\/i><\/li>\n<\/ul>\n<p align=\"RIGHT\"><span style=\"font-family: Tahoma, sans-serif;\"><span style=\"font-size: large;\"><i><b> \u2013 wtorek godz. 13.00-16.00<\/b><\/i><\/span><\/span><i> <\/i><\/p>\n<ul>\n<li><span style=\"font-family: Tahoma, sans-serif;\"><span style=\"font-size: large;\"><b>Psychoterapeuta<\/b><\/span><\/span><span style=\"font-family: Tahoma, sans-serif;\"><span style=\"font-size: large;\"> (<\/span><\/span><span style=\"font-family: Tahoma, sans-serif;\"><span style=\"font-size: large;\">psychoterapia indywidualna, ma\u0142\u017ce\u0144ska, rodzinna<\/span><\/span><span style=\"font-family: Tahoma, sans-serif;\"><span style=\"font-size: large;\">)<\/span><\/span><\/li>\n<\/ul>\n<p align=\"RIGHT\"><span style=\"font-family: Tahoma, sans-serif;\"><span style=\"font-size: large;\"><i><b>\u2013 wtorek godz. 16.30-19.30<\/b><\/i><\/span><\/span><i> <\/i><\/p>\n<ul>\n<li><span style=\"font-family: Tahoma, sans-serif;\"><span style=\"font-size: large;\"><b>Psychoterapeuta<\/b><\/span><\/span><span style=\"font-family: Tahoma, sans-serif;\"><span style=\"font-size: large;\"> (psychoterapia indywidualna)<\/span><\/span><\/li>\n<\/ul>\n<p align=\"RIGHT\"><span style=\"font-family: Tahoma, sans-serif;\"><span style=\"font-size: large;\"><i><b>\u2013 \u015broda godz. 16.30-18.30<\/b><\/i><\/span><\/span><\/p>\n<ul>\n<li><span style=\"font-family: Tahoma, sans-serif;\"><span style=\"font-size: large;\"><b>Psycholog<\/b><\/span><\/span><span style=\"font-family: Tahoma, sans-serif;\"><span style=\"font-size: large;\"> (dzieci, m\u0142odzie\u017c, doro\u015bli) <\/span><\/span><\/li>\n<\/ul>\n<p align=\"RIGHT\">\u2013 <span style=\"font-family: Tahoma, sans-serif;\"><span style=\"font-size: large;\"><i><b>I , III i V czwartek miesi\u0105ca godz. 16.00-19.00<\/b><\/i><\/span><\/span><\/p>\n<ul>\n<li><span style=\"font-family: Tahoma, sans-serif;\"><span style=\"font-size: large;\"><b>Pedagog <\/b><\/span><\/span><span style=\"font-family: Tahoma, sans-serif;\"><span style=\"font-size: large;\">(edukacja przedszkolna i wczesnoszkolna, naturalne<\/span><\/span><\/li>\n<\/ul>\n<p align=\"RIGHT\"><span style=\"font-family: Tahoma, sans-serif;\"><span style=\"font-size: large;\">metody planowania rodziny) <\/span><\/span><span style=\"font-family: Tahoma, sans-serif;\"><span style=\"font-size: large;\"><i><b>\u2013 czwartek godz. 18.00-21.00<\/b><\/i><\/span><\/span><\/p>\n<ul>\n<li><span style=\"font-family: Tahoma, sans-serif;\"><span style=\"font-size: large;\"><b>Psychoterapeuta<\/b><\/span><\/span><span style=\"font-family: Tahoma, sans-serif;\"><span style=\"font-size: large;\"> (psychoterapia indywidualna, ma\u0142\u017ce\u0144ska, rodzinna)<\/span><\/span><\/li>\n<\/ul>\n<p align=\"RIGHT\">\u2013 <span style=\"font-family: Tahoma, sans-serif;\"><span style=\"font-size: large;\"><i><b>pi\u0105tek godz. 16.00-20.00<\/b><\/i><\/span><\/span><\/p>\n<p><span style=\"font-family: Tahoma, sans-serif;\"><span style=\"font-size: large;\"><b>UWAGA: <\/b><\/span><\/span><\/p>\n<p><b> <\/b><span style=\"font-family: Tahoma, sans-serif;\"><span style=\"font-size: large;\"><b>Rejestracja<\/b><\/span><\/span><b> <\/b><span style=\"font-family: Tahoma, sans-serif;\"><span style=\"font-size: large;\"><b>odbywa<\/b><\/span><\/span><b> <\/b><span style=\"font-family: Tahoma, sans-serif;\"><span style=\"font-size: large;\"><b>si\u0119<\/b><\/span><\/span><b> <\/b><span style=\"font-family: Tahoma, sans-serif;\"><span style=\"font-size: large;\"><b>u<\/b><\/span><\/span><b> <\/b><span style=\"font-family: Tahoma, sans-serif;\"><span style=\"font-size: large;\"><b>specjalist\u00f3w:<\/b><\/span><\/span><b> <\/b><span style=\"font-family: Tahoma, sans-serif;\"><span style=\"font-size: large;\"><b>telefonicznie pod numerem <\/b><\/span><\/span><span style=\"font-family: Tahoma, sans-serif;\"><span style=\"font-size: large;\"><b>783 806 680<\/b><\/span><\/span> <span style=\"font-family: Tahoma, sans-serif;\"><span style=\"font-size: large;\"><b>&#8211; <\/b><\/span><\/span><span style=\"font-family: Tahoma, sans-serif;\"><span style=\"font-size: large;\"><b>W CZASIE DY\u017bURU<\/b><\/span><\/span><span style=\"font-family: Tahoma, sans-serif;\"><span style=\"font-size: large;\"><b> \u2013 lub osobi\u015bcie.<\/b><\/span><\/span><\/p>\n<p><span style=\"font-family: Tahoma, sans-serif;\"><span style=\"font-size: large;\">Poradnia<\/span><\/span> <span style=\"font-family: Tahoma, sans-serif;\"><span style=\"font-size: large;\">jest<\/span><\/span> <span style=\"font-family: Tahoma, sans-serif;\"><span style=\"font-size: large;\">czynna<\/span><\/span> <span style=\"font-family: Tahoma, sans-serif;\"><span style=\"font-size: large;\">w<\/span><\/span> <span style=\"font-family: Tahoma, sans-serif;\"><span style=\"font-size: large;\">dni<\/span><\/span> <span style=\"font-family: Tahoma, sans-serif;\"><span style=\"font-size: large;\">robocze<\/span><\/span> <span style=\"font-family: Tahoma, sans-serif;\"><span style=\"font-size: large;\">w<\/span><\/span> <span style=\"font-family: Tahoma, sans-serif;\"><span style=\"font-size: large;\">godzinach<\/span><\/span> <span style=\"font-family: Tahoma, sans-serif;\"><span style=\"font-size: large;\">dy\u017cur\u00f3w.<\/span><\/span><span style=\"font-family: Tahoma, sans-serif;\"><span style=\"font-size: large;\"> Nieczynna w dniach wolnych od pracy oraz: (&#8230;)<\/span><\/span><\/p>\n<p align=\"CENTER\"><span style=\"font-family: Tahoma, sans-serif;\"><span style=\"font-size: large;\"><b>Poradnia<\/b><\/span><\/span><b> <\/b><span style=\"font-family: Tahoma, sans-serif;\"><span style=\"font-size: large;\"><b>korzysta<\/b><\/span><\/span><b> <\/b><span style=\"font-family: Tahoma, sans-serif;\"><span style=\"font-size: large;\"><b>z<\/b><\/span><\/span><b> <\/b><span style=\"font-family: Tahoma, sans-serif;\"><span style=\"font-size: large;\"><b>pomieszcze\u0144<\/b><\/span><\/span><b> <\/b><span style=\"font-family: Tahoma, sans-serif;\"><span style=\"font-size: large;\"><b>parafii<\/b><\/span><\/span><b> <\/b><span style=\"font-family: Tahoma, sans-serif;\"><span style=\"font-size: large;\"><b>NMP<\/b><\/span><\/span><b> <\/b><span style=\"font-family: Tahoma, sans-serif;\"><span style=\"font-size: large;\"><b>Matki<\/b><\/span><\/span><b> <\/b><span style=\"font-family: Tahoma, sans-serif;\"><span style=\"font-size: large;\"><b>Mi\u0142osierdzia<\/b><\/span><\/span><b> <\/b><span style=\"font-family: Tahoma, sans-serif;\"><span style=\"font-size: large;\"><b>w\u00a0Ole\u015bnicy.<\/b><\/span><\/span><b> <\/b><span style=\"font-family: Tahoma, sans-serif;\"><span style=\"font-size: large;\"><b>Jest<\/b><\/span><\/span><b> <\/b><span style=\"font-family: Tahoma, sans-serif;\"><span style=\"font-size: large;\"><b>finansowana<\/b><\/span><\/span><b> <\/b><span style=\"font-family: Tahoma, sans-serif;\"><span style=\"font-size: large;\"><b>przez Urz\u0105d<\/b><\/span><\/span><b> <\/b><span style=\"font-family: Tahoma, sans-serif;\"><span style=\"font-size: large;\"><b>Miasta, <\/b><\/span><\/span><span style=\"font-family: Tahoma, sans-serif;\"><span style=\"font-size: large;\"><b>Urz\u0105d Gminy <\/b><\/span><\/span><span style=\"font-family: Tahoma, sans-serif;\"><span style=\"font-size: large;\"><b>i<\/b><\/span><\/span><span style=\"font-family: Tahoma, sans-serif;\"><span style=\"font-size: large;\"><b>\u00a0<\/b><\/span><\/span><span style=\"font-family: Tahoma, sans-serif;\"><span style=\"font-size: large;\"><b>Starostwo<\/b><\/span><\/span><b> <\/b><span style=\"font-family: Tahoma, sans-serif;\"><span style=\"font-size: large;\"><b>Powiatowe w<\/b><\/span><\/span><b> <\/b><span style=\"font-family: Tahoma, sans-serif;\"><span style=\"font-size: large;\"><b>Ole\u015bnicy, Urz\u0105d Miasta i Gminy w\u00a0Bierutowie oraz Urz\u0105d Gminy w\u00a0Dobroszycach.<\/b><\/span><\/span><\/p>\n","protected":false},"excerpt":{"rendered":"<p>KATECHEZA PRZEDMA\u0141\u017bE\u0143SKA Duszpasterstwo Parafii informuje, \u017ce przygotowanie narzeczonych do zawarcia sakramentu ma\u0142\u017ce\u0144stwa obejmuje 4 katechezy (spotkania grupowe) i 3 spotkania indywidualne z pracownikami Poradni Rodzinnej. Telefon do poradni +48 783806680. Katechezy przed\u015blubne: Katechezy przed\u015blubne obejmuj\u0105 4 spotkania og\u00f3lne (po ok. 1,5 godz. ka\u017cde) i 3 indywidualne (spotkania godzinne). Narzeczeni winni &hellip;<\/p>\n","protected":false},"author":1,"featured_media":219,"parent":0,"menu_order":0,"comment_status":"closed","ping_status":"closed","template":"","meta":[],"_links":{"self":[{"href":"http:\/\/olesnicaslw.archidiecezja.wroc.pl\/index.php\/wp-json\/wp\/v2\/pages\/167"}],"collection":[{"href":"http:\/\/olesnicaslw.archidiecezja.wroc.pl\/index.php\/wp-json\/wp\/v2\/pages"}],"about":[{"href":"http:\/\/olesnicaslw.archidiecezja.wroc.pl\/index.php\/wp-json\/wp\/v2\/types\/page"}],"author":[{"embeddable":true,"href":"http:\/\/olesnicaslw.archidiecezja.wroc.pl\/index.php\/wp-json\/wp\/v2\/users\/1"}],"replies":[{"embeddable":true,"href":"http:\/\/olesnicaslw.archidiecezja.wroc.pl\/index.php\/wp-json\/wp\/v2\/comments?post=167"}],"version-history":[{"count":25,"href":"http:\/\/olesnicaslw.archidiecezja.wroc.pl\/index.php\/wp-json\/wp\/v2\/pages\/167\/revisions"}],"predecessor-version":[{"id":5279,"href":"http:\/\/olesnicaslw.archidiecezja.wroc.pl\/index.php\/wp-json\/wp\/v2\/pages\/167\/revisions\/5279"}],"wp:featuredmedia":[{"embeddable":true,"href":"http:\/\/olesnicaslw.archidiecezja.wroc.pl\/index.php\/wp-json\/wp\/v2\/media\/219"}],"wp:attachment":[{"href":"http:\/\/olesnicaslw.archidiecezja.wroc.pl\/index.php\/wp-json\/wp\/v2\/media?parent=167"}],"curies":[{"name":"wp","href":"https:\/\/api.w.org\/{rel}","templated":true}]}}