{"id":160,"date":"2019-06-24T10:31:06","date_gmt":"2019-06-24T08:31:06","guid":{"rendered":"http:\/\/olesnicaslw.archidiecezja.wroc.pl\/NOWASTRONA2019\/?page_id=160"},"modified":"2026-04-30T13:00:38","modified_gmt":"2026-04-30T11:00:38","slug":"zapowiedzi-przedslubne","status":"publish","type":"page","link":"http:\/\/olesnicaslw.archidiecezja.wroc.pl\/index.php\/zapowiedzi-przedslubne\/","title":{"rendered":"Zapowiedzi przed\u015blubne"},"content":{"rendered":"<p style=\"text-align: center;\" align=\"JUSTIFY\"><span style=\"color: #ff0000;\"><span style=\"font-family: Times New Roman, serif;\"><span style=\"font-size: xx-large;\"><b>ZAPOWIEDZI PRZED\u015aLUBNE<\/b><\/span><\/span><\/span><\/p>\n<p style=\"text-align: center;\" align=\"JUSTIFY\"><span style=\"color: #ff0000;\"><span style=\"font-family: Times New Roman, serif;\"><span style=\"font-size: large;\"><i><b> Kto<\/b><\/i><\/span><\/span><i><b> <\/b><\/i><span style=\"font-family: Times New Roman, serif;\"><span style=\"font-size: large;\"><i><b>z<\/b><\/i><\/span><\/span><i><b> <\/b><\/i><span style=\"font-family: Times New Roman, serif;\"><span style=\"font-size: large;\"><i><b>Pa\u0144stwa<\/b><\/i><\/span><\/span><i><b> <\/b><\/i><span style=\"font-family: Times New Roman, serif;\"><span style=\"font-size: large;\"><i><b>wiedzia\u0142by<\/b><\/i><\/span><\/span><i><b> <\/b><\/i><span style=\"font-family: Times New Roman, serif;\"><span style=\"font-size: large;\"><i><b>o<\/b><\/i><\/span><\/span><i><b> <\/b><\/i><span style=\"font-family: Times New Roman, serif;\"><span style=\"font-size: large;\"><i><b>przeszkodach<\/b><\/i><\/span><\/span><i><b> <\/b><\/i><span style=\"font-family: Times New Roman, serif;\"><span style=\"font-size: large;\"><i><b>zachodz\u0105cych<\/b><\/i><\/span><\/span><i><b> <\/b><\/i><span style=\"font-family: Times New Roman, serif;\"><span style=\"font-size: large;\"><i><b>mi\u0119dzy<\/b><\/i><\/span><\/span><\/span><\/p>\n<p style=\"text-align: center;\" align=\"JUSTIFY\"><span style=\"color: #ff0000;\"><i><b> <\/b><\/i><span style=\"font-family: Times New Roman, serif;\"><span style=\"font-size: large;\"><i><b>narzeczonymi jest<\/b><\/i><\/span><\/span><i><b> <\/b><\/i><span style=\"font-family: Times New Roman, serif;\"><span style=\"font-size: large;\"><i><b>w<\/b><\/i><\/span><\/span><i><b> <\/b><\/i><span style=\"font-family: Times New Roman, serif;\"><span style=\"font-size: large;\"><i><b>sumieniu<\/b><\/i><\/span><\/span><i><b> <\/b><\/i><span style=\"font-family: Times New Roman, serif;\"><span style=\"font-size: large;\"><i><b>zobowi\u0105zany<\/b><\/i><\/span><\/span><i><b> <\/b><\/i><span style=\"font-family: Times New Roman, serif;\"><span style=\"font-size: large;\"><i><b>bezzw\u0142ocznie<\/b><\/i><\/span><\/span><i><b> <\/b><\/i><span style=\"font-family: Times New Roman, serif;\"><span style=\"font-size: large;\"><i><b>powiadomi\u0107<\/b><\/i><\/span><\/span><i><b> <\/b><\/i><\/span><\/p>\n<p style=\"text-align: center;\" align=\"JUSTIFY\"><span style=\"color: #ff0000;\"><span style=\"font-family: Times New Roman, serif;\"><span style=\"font-size: large;\"><i><b>\u00a0 \u00a0 \u00a0 \u00a0 \u00a0 \u00a0 \u00a0 \u00a0 \u00a0 \u00a0 \u00a0 \u00a0 \u00a0 \u00a0 \u00a0 \u00a0 \u00a0 \u00a0 \u00a0 \u00a0 \u00a0 \u00a0 \u00a0 \u00a0 \u00a0 \u00a0 \u00a0 o<\/b><\/i><\/span><\/span><i><b> <\/b><\/i><span style=\"font-family: Times New Roman, serif;\"><span style=\"font-size: large;\"><i><b>tym<\/b><\/i><\/span><\/span><i><b> <\/b><\/i><span style=\"font-family: Times New Roman, serif;\"><span style=\"font-size: large;\"><i><b>kap\u0142ana<\/b><\/i><\/span><\/span><i><b> <\/b><\/i><span style=\"font-family: Times New Roman, serif;\"><span style=\"font-size: large;\"><i><b>w<\/b><\/i><\/span><\/span><i><b> <\/b><\/i><span style=\"font-family: Times New Roman, serif;\"><span style=\"font-size: large;\"><i><b>Kancelarii<\/b><\/i><\/span><\/span><i><b> <\/b><\/i><span style=\"font-family: Times New Roman, serif;\"><span style=\"font-size: large;\"><i><b>Parafialnej<\/b><\/i><\/span><\/span><\/span><strong><span style=\"color: #000000;\"><span style=\"font-size: x-large;\">\u00a0 \u00a0 <\/span><\/span><\/strong><strong><span style=\"color: #000000;\"><span style=\"font-size: x-large;\">\u00a0 \u00a0 \u00a0 \u00a0 \u00a0 \u00a0 \u00a0<\/span><\/span><\/strong><\/p>\n<p style=\"text-align: center;\"><strong>26. 04. &#8211; 10. 05. 2026 r.<\/strong><\/p>\n<p style=\"text-align: center;\">Braian Goleniewski\u00a0 \u00a0 \u00a0 \u00a0 \u00a0 \u00a0 \u00a0 \u00a0 \u00a0 \u00a0 \u00a0 \u00a0 \u00a0 \u00a0 \u00a0 \u00a0 \u00a0zam. Bogus\u0142awice<\/p>\n<p style=\"text-align: center;\">\u00a0\u00a0\u00a0\u00a0\u00a0\u00a0\u00a0\u00a0 Katarzyna Strzelec\u00a0 \u00a0 \u00a0 \u00a0 \u00a0 \u00a0 \u00a0 \u00a0 \u00a0 \u00a0 zam. Ole\u015bnica<\/p>\n<p style=\"text-align: center;\" align=\"JUSTIFY\"><strong><span style=\"color: #000000;\"><span style=\"font-size: x-large;\">\u00a0\u00a0\u00a0\u00a0\u00a0\u00a0\u00a0\u00a0\u00a0\u00a0\u00a0\u00a0\u00a0\u00a0\u00a0\u00a0\u00a0\u00a0\u00a0\u00a0\u00a0\u00a0\u00a0\u00a0\u00a0\u00a0\u00a0\u00a0\u00a0\u00a0\u00a0\u00a0\u00a0\u00a0\u00a0\u00a0\u00a0\u00a0\u00a0\u00a0\u00a0\u00a0\u00a0\u00a0\u00a0\u00a0 \u00a0 \u00a0<\/span><\/span><\/strong><strong><span style=\"color: #000000;\"><span style=\"font-size: x-large;\">\u00a0 \u00a0 \u00a0 \u00a0 \u00a0 \u00a0 \u00a0 \u00a0<\/span><\/span><\/strong><\/p>\n<p><!-- \/wp:paragraph --><\/p>\n","protected":false},"excerpt":{"rendered":"<p>ZAPOWIEDZI PRZED\u015aLUBNE Kto z Pa\u0144stwa wiedzia\u0142by o przeszkodach zachodz\u0105cych mi\u0119dzy narzeczonymi jest w sumieniu zobowi\u0105zany bezzw\u0142ocznie powiadomi\u0107 \u00a0 \u00a0 \u00a0 \u00a0 \u00a0 \u00a0 \u00a0 \u00a0 \u00a0 \u00a0 \u00a0 \u00a0 \u00a0 \u00a0 \u00a0 \u00a0 \u00a0 \u00a0 \u00a0 \u00a0 \u00a0 \u00a0 \u00a0 \u00a0 \u00a0 \u00a0 \u00a0 o tym kap\u0142ana w Kancelarii Parafialnej\u00a0 &hellip;<\/p>\n","protected":false},"author":1,"featured_media":0,"parent":0,"menu_order":0,"comment_status":"closed","ping_status":"closed","template":"","meta":[],"_links":{"self":[{"href":"http:\/\/olesnicaslw.archidiecezja.wroc.pl\/index.php\/wp-json\/wp\/v2\/pages\/160"}],"collection":[{"href":"http:\/\/olesnicaslw.archidiecezja.wroc.pl\/index.php\/wp-json\/wp\/v2\/pages"}],"about":[{"href":"http:\/\/olesnicaslw.archidiecezja.wroc.pl\/index.php\/wp-json\/wp\/v2\/types\/page"}],"author":[{"embeddable":true,"href":"http:\/\/olesnicaslw.archidiecezja.wroc.pl\/index.php\/wp-json\/wp\/v2\/users\/1"}],"replies":[{"embeddable":true,"href":"http:\/\/olesnicaslw.archidiecezja.wroc.pl\/index.php\/wp-json\/wp\/v2\/comments?post=160"}],"version-history":[{"count":242,"href":"http:\/\/olesnicaslw.archidiecezja.wroc.pl\/index.php\/wp-json\/wp\/v2\/pages\/160\/revisions"}],"predecessor-version":[{"id":6334,"href":"http:\/\/olesnicaslw.archidiecezja.wroc.pl\/index.php\/wp-json\/wp\/v2\/pages\/160\/revisions\/6334"}],"wp:attachment":[{"href":"http:\/\/olesnicaslw.archidiecezja.wroc.pl\/index.php\/wp-json\/wp\/v2\/media?parent=160"}],"curies":[{"name":"wp","href":"https:\/\/api.w.org\/{rel}","templated":true}]}}