{"id":157,"date":"2019-06-24T10:29:11","date_gmt":"2019-06-24T08:29:11","guid":{"rendered":"http:\/\/olesnicaslw.archidiecezja.wroc.pl\/NOWASTRONA2019\/?page_id=157"},"modified":"2026-04-18T18:57:29","modified_gmt":"2026-04-18T16:57:29","slug":"ogloszenia-duszpasterskie","status":"publish","type":"page","link":"http:\/\/olesnicaslw.archidiecezja.wroc.pl\/index.php\/kontakt\/ogloszenia-duszpasterskie\/","title":{"rendered":"OG\u0141OSZENIA"},"content":{"rendered":"<h4><img decoding=\"async\" loading=\"lazy\" class=\"aligncenter wp-image-6296\" src=\"http:\/\/olesnicaslw.archidiecezja.wroc.pl\/wp-content\/uploads\/2026\/04\/BBBB.png\" alt=\"\" width=\"1303\" height=\"249\" srcset=\"http:\/\/olesnicaslw.archidiecezja.wroc.pl\/wp-content\/uploads\/2026\/04\/BBBB.png 681w, http:\/\/olesnicaslw.archidiecezja.wroc.pl\/wp-content\/uploads\/2026\/04\/BBBB-300x57.png 300w, http:\/\/olesnicaslw.archidiecezja.wroc.pl\/wp-content\/uploads\/2026\/04\/BBBB-558x107.png 558w\" sizes=\"(max-width: 1303px) 100vw, 1303px\" \/><\/h4>\n<h5 style=\"text-align: center;\"><strong><span style=\"color: #ff0000;\">OG\u0141OSZENIA DUSZPASTERSKIE NA III NIEDZIEL\u0118 WIELKANOCN\u0104<br \/>\n<\/span><\/strong><strong><span style=\"color: #ff0000;\">19.04.2026 r.<\/span><\/strong><\/h5>\n<p><strong>\u00a0\u00a0 <\/strong><\/p>\n<ol>\n<li>Dzisiejsza niedziel\u0105 S\u0142owa Bo\u017cego rozpoczynamy <strong>Tydzie\u0144 Biblijny<\/strong> w naszej parafii. Niech ten czas b\u0119dzie dla nas okazj\u0105 do pog\u0142\u0119bienia znajomo\u015bci Biblii, aby\u015bmy na nowo rozpalili nasz entuzjazm do trwania z Bogiem w Jego S\u0142owie na r\u00f3\u017cne sposoby.<\/li>\n<li>We wtorek Msza \u015awi\u0119ta i nabo\u017ce\u0144stwo do \u015bw. Szarbela, a o godz. 18:45 zapraszamy na spotkanie w ramach Kr\u0119gu Biblijnego w kaplicy \u015bw. Franciszka.<\/li>\n<li>W \u015brod\u0119 o godz. 18.00 zapraszamy na Nowenn\u0119 do Matki Bo\u017cej Nieustaj\u0105cej Pomocy.<\/li>\n<li>W pi\u0105tek Msza \u015awi\u0119ta w intencji zmar\u0142ych w kwietniu, a po niej nabo\u017ce\u0144stwo do \u015bw. Jadwigi \u015al\u0105skiej.<\/li>\n<li>W sobot\u0119 o godz. 10:00 Msza \u015awi\u0119ta w intencji <strong>Apostolatu MARGARETKA<\/strong> \u2013 dzi\u0119kczynna w 18. rocz. Powstania Apostolatu w naszej parafii z pro\u015bb\u0105 o Bo\u017ce b\u0142og. i potrzebne \u0142aski na dalsze lata dzia\u0142alno\u015bci. A o 16:00 Msza \u015awi\u0119ta Apostolatu Zbawczego Cierpienia w kaplicy \u015bw. Franciszka.<\/li>\n<li>Zbli\u017ca si\u0119 czas I komunii \u015bwi\u0119tych w naszej wsp\u00f3lnocie parafialnej. Otoczmy nasz\u0105 modlitw\u0105 wszystkie dzieci przygotowuj\u0105ce si\u0119 do pierwszej komunii \u015bwi\u0119tej. I komunie w naszej parafii odb\u0119d\u0105 si\u0119 w nast\u0119puj\u0105cych terminach: 9, 10, 16, 17 maja w czasie Mszy \u015awi\u0119tej o godz. 12.00. Rocznica I komunii 24 maja w czasie Mszy \u015awi\u0119tej dla dzieci o godz. 10.30.<\/li>\n<li>Sakrament bierzmowania w naszej parafii b\u0119dzie udzielony przez ks. Arcybiskupa J\u00f3zefa Kupnego w sobot\u0119 9 maja o godz. 18.00.<\/li>\n<li>Nasza parafia organizuje pielgrzymki: na Podkarpacie 24-26 kwietnia (szczeg\u00f3\u0142y u ks. Paw\u0142a) s\u0105 jeszcze wolne miejsca. Wyjazd o godz. 6.00 sprzed ko\u015bcio\u0142a, a tak\u017ce do Medjugorie (szczeg\u00f3\u0142y u ks. Przemka) informacje na stronie internetowej parafii.<\/li>\n<li>Dzisiaj w ramach III niedzieli miesi\u0105ca po Mszach \u015awi\u0119tych zbi\u00f3rka do puszek na prace remontowe w naszej parafii. Przygotowujemy si\u0119 do remontu toalet w domu parafialnym i remontu pomieszczenia, gdzie powstanie kaplica \u015bw. Szarbela. Za wszelk\u0105 pomoc bardzo dzi\u0119kujemy. B\u00f3g Zap\u0142a\u0107.<\/li>\n<li>Na p\u00f3\u0142ce prasowej przy wyj\u015bciu mo\u017cemy naby\u0107 najnowsz\u0105 pras\u0119 katolick\u0105: Nowe \u017bycie, a w kancelarii i zakrystii jest do nabycia: Go\u015b\u0107 Niedzielny, Ma\u0142y Go\u015b\u0107 Niedzielny<\/li>\n<\/ol>\n<p>&nbsp;<\/p>\n<p>&nbsp;<\/p>\n<p>&nbsp;<\/p>\n<p>&nbsp;<\/p>\n<p>&nbsp;<\/p>\n","protected":false},"excerpt":{"rendered":"<p>OG\u0141OSZENIA DUSZPASTERSKIE NA III NIEDZIEL\u0118 WIELKANOCN\u0104 19.04.2026 r. \u00a0\u00a0 Dzisiejsza niedziel\u0105 S\u0142owa Bo\u017cego rozpoczynamy Tydzie\u0144 Biblijny w naszej parafii. Niech ten czas b\u0119dzie dla nas okazj\u0105 do pog\u0142\u0119bienia znajomo\u015bci Biblii, aby\u015bmy na nowo rozpalili nasz entuzjazm do trwania z Bogiem w Jego S\u0142owie na r\u00f3\u017cne sposoby. We wtorek Msza \u015awi\u0119ta &hellip;<\/p>\n","protected":false},"author":1,"featured_media":0,"parent":76,"menu_order":0,"comment_status":"closed","ping_status":"closed","template":"","meta":[],"_links":{"self":[{"href":"http:\/\/olesnicaslw.archidiecezja.wroc.pl\/index.php\/wp-json\/wp\/v2\/pages\/157"}],"collection":[{"href":"http:\/\/olesnicaslw.archidiecezja.wroc.pl\/index.php\/wp-json\/wp\/v2\/pages"}],"about":[{"href":"http:\/\/olesnicaslw.archidiecezja.wroc.pl\/index.php\/wp-json\/wp\/v2\/types\/page"}],"author":[{"embeddable":true,"href":"http:\/\/olesnicaslw.archidiecezja.wroc.pl\/index.php\/wp-json\/wp\/v2\/users\/1"}],"replies":[{"embeddable":true,"href":"http:\/\/olesnicaslw.archidiecezja.wroc.pl\/index.php\/wp-json\/wp\/v2\/comments?post=157"}],"version-history":[{"count":842,"href":"http:\/\/olesnicaslw.archidiecezja.wroc.pl\/index.php\/wp-json\/wp\/v2\/pages\/157\/revisions"}],"predecessor-version":[{"id":6312,"href":"http:\/\/olesnicaslw.archidiecezja.wroc.pl\/index.php\/wp-json\/wp\/v2\/pages\/157\/revisions\/6312"}],"up":[{"embeddable":true,"href":"http:\/\/olesnicaslw.archidiecezja.wroc.pl\/index.php\/wp-json\/wp\/v2\/pages\/76"}],"wp:attachment":[{"href":"http:\/\/olesnicaslw.archidiecezja.wroc.pl\/index.php\/wp-json\/wp\/v2\/media?parent=157"}],"curies":[{"name":"wp","href":"https:\/\/api.w.org\/{rel}","templated":true}]}}