{"id":154,"date":"2019-06-24T10:27:38","date_gmt":"2019-06-24T08:27:38","guid":{"rendered":"http:\/\/olesnicaslw.archidiecezja.wroc.pl\/NOWASTRONA2019\/?page_id=154"},"modified":"2026-04-04T17:12:05","modified_gmt":"2026-04-04T15:12:05","slug":"intencje-mszy-w-tygodniu","status":"publish","type":"page","link":"http:\/\/olesnicaslw.archidiecezja.wroc.pl\/index.php\/intencje-mszy-w-tygodniu\/","title":{"rendered":"INTENCJE MSZALNE W TYGODNIU"},"content":{"rendered":"<p style=\"text-align: center;\"><span style=\"color: #ff0000;\"><strong> <span style=\"font-family: Times New Roman, serif;\"><span style=\"font-size: x-large;\">INTENCJE MSZY \u015aWI\u0118TYCH 06.04.2026 r. &#8211; 11.04.2026 r.<\/span><\/span><\/strong><\/span><\/p>\n<p>&nbsp;<\/p>\n<p align=\"JUSTIFY\"><span style=\"color: #ff0000;\"><strong><span style=\"font-size: large;\"><u>Poniedzia\u0142ek Wielkanocny 06. 04. 2026 r. <\/u><\/span><\/strong><\/span><\/p>\n<p align=\"JUSTIFY\"><span style=\"color: #ff0000;\"><strong><span style=\"font-size: large;\">Godz. 7:15 <\/span><\/strong><\/span><\/p>\n<p align=\"JUSTIFY\"><strong><span style=\"color: #000000;\"><span style=\"font-size: large;\">SZPITAL: <\/span><\/span><\/strong><\/p>\n<p align=\"JUSTIFY\"><strong><span style=\"color: #000000;\"><span style=\"font-size: large;\">W int. PARAFIAN<\/span><\/span><\/strong><\/p>\n<p align=\"JUSTIFY\"><span style=\"color: #ff0000;\"><strong><span style=\"font-size: large;\">Godz. 7:00 <\/span><\/strong><\/span><\/p>\n<p align=\"JUSTIFY\"><strong><span style=\"color: #000000;\"><span style=\"font-size: large;\">1. <\/span><\/span><\/strong><strong><span style=\"color: #000000;\"><span style=\"font-size: large;\">Dzi\u0119kczynna w 18. rocz. urodzin Cypriana Kosek z pro\u015bb\u0105 <\/span><\/span><\/strong><strong><span style=\"color: #000000;\"><span style=\"font-family: Times New Roman, serif;\"><span style=\"font-size: large;\">o Bo\u017ce b\u0142og., dary Ducha \u015awi\u0119tego, opiek\u0119 Matki Bo\u017cej, zdrowie i wszelkie potrzebne \u0142aski na dalsz<\/span><\/span><\/span><\/strong><strong><span style=\"color: #000000;\"><span style=\"font-family: Times New Roman, serif;\"><span style=\"font-size: large;\">e \u017cycie \u2013 int. od rodziny<\/span><\/span><\/span><\/strong><\/p>\n<p align=\"JUSTIFY\"><strong><span style=\"color: #000000;\"><span style=\"font-size: large;\"> 2. <\/span><\/span><\/strong><strong><span style=\"color: #000000;\"><span style=\"font-size: large;\">+<\/span><\/span><\/strong><strong><span style=\"color: #000000;\"><span style=\"font-family: Times New Roman, serif;\"><span style=\"font-size: large;\">Henryk Duda \/2. greg.\/<\/span><\/span><\/span><\/strong><\/p>\n<p align=\"JUSTIFY\"><span style=\"color: #ff0000;\"><strong><span style=\"font-size: large;\">Godz. 9:00<\/span><\/strong><\/span><\/p>\n<p align=\"JUSTIFY\"><strong><span style=\"color: #000000;\"><span style=\"font-size: large;\"> 1. <\/span><\/span><\/strong><strong><span style=\"color: #000000;\"><span style=\"font-size: large;\">+Waldemar \/15. rocz. \u015bm.\/ +Jan \/25. rocz. \u015bm.\/ +Genowefa +Stanis\u0142aw +Jan+Edward Chrapek, + z rodz. Kowalczyk, Szymanek i Paterskich<\/span><\/span><\/strong><\/p>\n<p align=\"JUSTIFY\"><strong><span style=\"color: #000000;\"><span style=\"font-size: large;\"><b> 2. <\/b><\/span><\/span><\/strong><strong><span style=\"color: #000000;\"><span style=\"font-size: large;\">+Urszula \/10. rocz. \u015bm.\/ +Stanis\u0142awa +Jan +Stanis\u0142aw +Les\u0142aw Szurgut, +Maria+Stefan Luboja\u0144scy, +Helena Osyda<\/span><\/span><\/strong><\/p>\n<p align=\"JUSTIFY\"><span style=\"color: #ff0000;\"><strong><span style=\"font-size: large;\">Godz. 10:30<\/span><\/strong><\/span><\/p>\n<p align=\"JUSTIFY\"><strong><span style=\"color: #000000;\"><span style=\"font-size: large;\"> 1. <\/span><\/span><\/strong><strong><span style=\"color: #000000;\"><span style=\"font-size: large;\">+Konstantyna Baran \/12. rocz. \u015bm.\/, +Krystyna +Andrzej Bodnar<\/span><\/span><\/strong><\/p>\n<p align=\"JUSTIFY\"><strong><span style=\"color: #000000;\"><span style=\"font-size: large;\"><b> 2. <\/b><\/span><\/span><\/strong><strong><span style=\"color: #000000;\"><span style=\"font-size: large;\">+Julian Pustu\u0142a \/2. rocz. \u015bm.\/, +Adolfa \/1. rocz. \u015bm.\/ +Stanis\u0142aw +Wiktor Kaczmarek<\/span><\/span><\/strong><\/p>\n<p align=\"JUSTIFY\"><span style=\"color: #ff0000;\"><strong><span style=\"font-size: large;\"><b>Godz. 12:00<\/b><\/span><\/strong><\/span><\/p>\n<p align=\"JUSTIFY\"><strong><span style=\"color: #000000;\"><span style=\"font-size: large;\"><b> 1. <\/b><\/span><\/span><\/strong><strong><span style=\"color: #000000;\"><span style=\"font-size: large;\">+W\u0142adys\u0142awa +Miko\u0142aj +Andrzej Krzysztofik<\/span><\/span><\/strong><\/p>\n<p align=\"JUSTIFY\"><strong><span style=\"color: #000000;\"><span style=\"font-size: large;\"><b> 2. <\/b><\/span><\/span><\/strong><strong><span style=\"color: #000000;\"><span style=\"font-size: large;\">+Tomasz \/2. rocz. \u015bm.\/ +Maria +Henryk +Pawe\u0142 +Genowefa Durlak, +Jadwiga +Tomasz Szwarc, + z rodziny<\/span><\/span><\/strong><\/p>\n<p align=\"JUSTIFY\"><span style=\"color: #ff0000;\"><strong><span style=\"font-size: large;\">Godz. 18:00 <\/span><\/strong><\/span><\/p>\n<p align=\"JUSTIFY\"><strong><span style=\"color: #000000;\"><span style=\"font-size: large;\">+Helena +W\u0142adys\u0142aw Mi\u0142uch \/12. rocz. \u015bm.\/<\/span><\/span><\/strong><\/p>\n<p align=\"JUSTIFY\"><span style=\"color: #ff0000;\"><strong><span style=\"font-size: large;\"><u>Wtorek 07. 04. 2026 r. <\/u><\/span><\/strong><\/span><\/p>\n<p align=\"JUSTIFY\"><span style=\"color: #ff0000;\"><strong><span style=\"font-size: large;\">Godz. 6:15<\/span><\/strong><\/span><\/p>\n<p align=\"JUSTIFY\"><strong><span style=\"color: #000000;\"><span style=\"font-size: large;\"> 1. <\/span><\/span><\/strong><strong><span style=\"color: #000000;\"><span style=\"font-size: large;\">+Zygmunt +Stanis\u0142aw +J\u00f3zef +Zenon Polis <\/span><\/span><\/strong><\/p>\n<p align=\"JUSTIFY\"><strong><span style=\"color: #000000;\"><span style=\"font-size: large;\"><b>2. <\/b><\/span><\/span><\/strong><strong><span style=\"color: #000000;\"><span style=\"font-size: large;\">+Violetta St\u0119c \/1. miesi\u0105c po pogrzebie\/ <\/span><\/span><\/strong><\/p>\n<p align=\"JUSTIFY\"><span style=\"color: #ff0000;\"><strong><span style=\"font-size: large;\">Godz. 7:00 <\/span><\/strong><\/span><\/p>\n<p align=\"JUSTIFY\"><strong><span style=\"color: #000000;\"><span style=\"font-size: large;\">1. <\/span><\/span><\/strong><strong><span style=\"color: #000000;\"><span style=\"font-size: large;\">+El\u017cbieta Grzesik \/1. rocz. \u015bm.\/<\/span><\/span><\/strong><\/p>\n<p align=\"JUSTIFY\"><strong><span style=\"color: #000000;\"><span style=\"font-size: large;\"><b> 2. <\/b><\/span><\/span><\/strong><strong><span style=\"color: #000000;\"><span style=\"font-size: large;\">+<\/span><\/span><\/strong><strong><span style=\"color: #000000;\"><span style=\"font-family: Times New Roman, serif;\"><span style=\"font-size: large;\">Henryk Duda \/3. greg.\/<\/span><\/span><\/span><\/strong><\/p>\n<p align=\"JUSTIFY\"><span style=\"color: #ff0000;\"><strong><span style=\"font-family: Times New Roman, serif;\"><span style=\"font-size: large;\">Godz. 18:00<\/span><\/span><\/strong><\/span><\/p>\n<p align=\"JUSTIFY\"><strong><span style=\"color: #000000;\"><span style=\"font-family: Times New Roman, serif;\"><span style=\"font-size: large;\">+Helena Belka \/5. rocz. \u015bm.\/<\/span><\/span><\/span><\/strong><\/p>\n<p align=\"JUSTIFY\"><span style=\"color: #ff0000;\"><strong><span style=\"font-size: large;\"><u>\u015aroda 08. 04. 2026 r. <\/u><\/span><\/strong><\/span><\/p>\n<p align=\"JUSTIFY\"><span style=\"color: #ff0000;\"><strong><span style=\"font-size: large;\">Godz. 6:15<\/span><\/strong><\/span><\/p>\n<p align=\"JUSTIFY\"><strong><span style=\"color: #000000;\"><span style=\"font-size: large;\">1. <\/span><\/span><\/strong><strong><span style=\"color: #000000;\"><span style=\"font-size: large;\">+<\/span><\/span><\/strong><strong><span style=\"color: #000000;\"><span style=\"font-family: Times New Roman, serif;\"><span style=\"font-size: large;\">Henryk Duda \/4. greg.\/<\/span><\/span><\/span><\/strong><\/p>\n<p align=\"JUSTIFY\"><strong><span style=\"color: #000000;\"><span style=\"font-size: large;\"><b> 2. <\/b><\/span><\/span><\/strong><strong><span style=\"color: #000000;\"><span style=\"font-size: large;\">+Waldemar Maciejewski \/1. miesi\u0105c po pogrzebie\/<\/span><\/span><\/strong><\/p>\n<p align=\"JUSTIFY\"><span style=\"color: #ff0000;\"><strong><span style=\"font-size: large;\">Godz. 7:00<\/span><\/strong><\/span><\/p>\n<p align=\"JUSTIFY\"><strong><span style=\"color: #000000;\"><span style=\"font-family: Times New Roman, serif;\"><span style=\"font-size: large;\">+Stefania K\u0142ak \/27. rocz. \u015bm.\/, + z rodz. Zag\u00f3rskich i K\u0142ak\u00f3w<\/span><\/span><\/span><\/strong><\/p>\n<p align=\"JUSTIFY\"><span style=\"color: #ff0000;\"><strong><span style=\"font-family: Times New Roman, serif;\"><span style=\"font-size: large;\">Godz. 18:00 <\/span><\/span><\/strong><\/span><\/p>\n<p align=\"JUSTIFY\"><strong><span style=\"color: #000000;\"><span style=\"font-family: Times New Roman, serif;\"><span style=\"font-size: large;\">Msza \u015bw. wsp\u00f3lna<\/span><\/span><\/span><\/strong><\/p>\n<p align=\"JUSTIFY\"><span style=\"color: #ff0000;\"><strong><span style=\"font-size: large;\"><u>Czwartek 09. 04. 2026 r. <\/u><\/span><\/strong><\/span><\/p>\n<p align=\"JUSTIFY\"><span style=\"color: #ff0000;\"><strong><span style=\"font-size: large;\">Godz. 6:15<\/span><\/strong><\/span><\/p>\n<p align=\"JUSTIFY\"><strong><span style=\"color: #000000;\"><span style=\"font-size: large;\">+<\/span><\/span><\/strong><strong><span style=\"color: #000000;\"><span style=\"font-family: Times New Roman, serif;\"><span style=\"font-size: large;\">Henryk Duda \/5. greg.\/<\/span><\/span><\/span><\/strong><\/p>\n<p align=\"JUSTIFY\"><span style=\"color: #ff0000;\"><strong><span style=\"font-family: Times New Roman, serif;\"><span style=\"font-size: large;\"><b>Godz. 7:00 <\/b><\/span><\/span><\/strong><\/span><\/p>\n<p align=\"JUSTIFY\"><strong><span style=\"color: #000000;\"><span style=\"font-family: Times New Roman, serif;\"><span style=\"font-size: large;\">+Franciszek Bagi\u0144ski \/10. rocz. \u015bm.\/<\/span><\/span><\/span><\/strong><\/p>\n<p align=\"JUSTIFY\"><span style=\"font-size: medium; color: #ff0000;\"><b><strong><span style=\"font-family: Times New Roman, serif;\"><span style=\"font-size: large;\">Godz. 18.00 <\/span><\/span><\/strong><\/b><\/span><\/p>\n<p align=\"JUSTIFY\"><span style=\"font-size: medium;\"><strong><span style=\"color: #000000;\"><span style=\"font-family: Times New Roman, serif;\"><span style=\"font-size: large;\">+Helena +Szczepan Styrczewscy, +Bo\u017cena +Blanka Simon, +Zbigniew Drozd,+Krystyna Diabelec<\/span><\/span><\/span><\/strong><\/span><\/p>\n<p align=\"JUSTIFY\"><b> <\/b><span style=\"color: #ff0000;\"><strong><u>Pi\u0105tek 10. 04. 2026 r. <\/u><\/strong><\/span><\/p>\n<p align=\"JUSTIFY\"><span style=\"color: #ff0000;\"><strong><span style=\"font-size: large;\">Godz. 6:15<\/span><\/strong><\/span><\/p>\n<p align=\"JUSTIFY\"><strong><span style=\"color: #000000;\"><span style=\"font-family: Times New Roman, serif;\"><span style=\"font-size: large;\">+Dominik K\u0142oczko \/7. miesi\u0105c po \u015bm.\/, + z rodziny<\/span><\/span><\/span><\/strong><\/p>\n<p align=\"JUSTIFY\"><span style=\"color: #ff0000;\"><strong><span style=\"font-size: large;\">Godz. 7:00<\/span><\/strong><\/span><\/p>\n<p align=\"JUSTIFY\"><strong><span style=\"color: #000000;\"><span style=\"font-size: large;\"> 1. <\/span><\/span><\/strong><strong><span style=\"color: #000000;\"><span style=\"font-family: Times New Roman, serif;\"><span style=\"font-size: large;\">+Janina +Wac\u0142aw Micha\u0142owscy, +Lucyna +Leszek Bojara, + z rodz. Kaczor\u00f3w i Micha\u0142owskich<\/span><\/span><\/span><\/strong><\/p>\n<p align=\"JUSTIFY\"><strong><span style=\"color: #000000;\"><span style=\"font-family: Times New Roman, serif;\"><span style=\"font-size: large;\"><b>2. <\/b><\/span><\/span><\/span><\/strong><strong><span style=\"color: #000000;\"><span style=\"font-family: Times New Roman, serif;\"><span style=\"font-size: large;\">+Henryk Duda \/6. greg.\/<\/span><\/span><\/span><\/strong><\/p>\n<p align=\"JUSTIFY\"><span style=\"color: #ff0000;\"><strong><span style=\"font-family: Times New Roman, serif;\"><span style=\"font-size: large;\"><b>Godz. 18.00<\/b><\/span><\/span><\/strong><\/span><\/p>\n<p align=\"JUSTIFY\"><b> <\/b><b> <\/b><strong><span style=\"color: #000000;\"><span style=\"font-family: Times New Roman, serif;\"><span style=\"font-size: large;\">+Janina \/42. rocz. \u015bm.\/ +Zdzis\u0142aw\/33. rocz. \u015bm.\/ Skowro\u0144scy, +Wanda +Tadeusz Pietrasik, + z rodziny<\/span><\/span><\/span><\/strong><\/p>\n<p align=\"JUSTIFY\"><span style=\"font-size: large;\"><b> <\/b><span style=\"color: #ff0000;\"><u><b>Sobota 11. 04. 2026 r. <\/b><\/u><\/span><\/span><\/p>\n<p align=\"JUSTIFY\"><span style=\"color: #ff0000;\"><strong><span style=\"font-size: large;\">Godz. 6:15 <\/span><\/strong><\/span><\/p>\n<p align=\"JUSTIFY\"><strong><span style=\"color: #000000;\"><span style=\"font-size: large;\">1. <\/span><\/span><\/strong><strong><span style=\"color: #000000;\"><span style=\"font-family: Times New Roman, serif;\"><span style=\"font-size: large;\">+Krzysztof \/3. rocz. \u015bm.\/ +Aneta +Daniela +Adam +Janusz Karpi\u0144scy, +Janina +Henryk \u0141agodko, + z rodz. Dro\u017cd\u017c\u00f3w i Dragan\u00f3w<\/span><\/span><\/span><\/strong><\/p>\n<p align=\"JUSTIFY\"><strong><span style=\"color: #000000;\"><span style=\"font-family: Times New Roman, serif;\"><span style=\"font-size: large;\"><b> 2. <\/b><\/span><\/span><\/span><\/strong><strong><span style=\"color: #000000;\"><span style=\"font-family: Times New Roman, serif;\"><span style=\"font-size: large;\">+Leokadia Wichaj \/1. miesi\u0105c po pogrzebie\/<\/span><\/span><\/span><\/strong><\/p>\n<p align=\"JUSTIFY\"><span style=\"color: #ff0000;\"><strong><span style=\"font-size: large;\">Godz. 7:00<\/span><\/strong> <\/span><\/p>\n<p align=\"JUSTIFY\"><strong><span style=\"color: #000000;\"><span style=\"font-family: Times New Roman, serif;\"><span style=\"font-size: large;\"><b>1. <\/b><\/span><\/span><\/span><\/strong><strong><span style=\"color: #000000;\"><span style=\"font-family: Times New Roman, serif;\"><span style=\"font-size: large;\">+J\u00f3zef \/9. rocz. \u015bm.\/ +Teresa +Seweryn +Jerzy +Stanis\u0142awa +Franciszek Krzak,+J\u00f3zefa +Stanis\u0142aw Raszewscy, +Maria +Micha\u0142 Tymczyj, +J\u00f3zef Pilarski<\/span><\/span><\/span><\/strong><\/p>\n<p align=\"JUSTIFY\"><strong><span style=\"color: #000000;\"><span style=\"font-family: Times New Roman, serif;\"><span style=\"font-size: large;\"><b> 2. <\/b><\/span><\/span><\/span><\/strong><strong><span style=\"color: #000000;\"><span style=\"font-family: Times New Roman, serif;\"><span style=\"font-size: large;\">+Henryk Duda \/7. greg.\/<\/span><\/span><\/span><\/strong><\/p>\n<p align=\"JUSTIFY\"><span style=\"color: #ff0000;\"><strong><span style=\"font-family: Times New Roman, serif;\"><span style=\"font-size: large;\"><b>Godz. 18.00<\/b><\/span><\/span><\/strong><\/span><\/p>\n<p align=\"JUSTIFY\"><b> <\/b><strong><span style=\"color: #000000;\"><span style=\"font-family: Times New Roman, serif;\"><span style=\"font-size: large;\">+Helena +Franciszek +Ryszard Nowak, +Weronika \/1. rocz. \u015bm.\/ +Stanis\u0142aw+Andrzej Warzecha<\/span><\/span><\/span><\/strong><\/p>\n<p align=\"JUSTIFY\">\n","protected":false},"excerpt":{"rendered":"<p>INTENCJE MSZY \u015aWI\u0118TYCH 06.04.2026 r. &#8211; 11.04.2026 r. &nbsp; Poniedzia\u0142ek Wielkanocny 06. 04. 2026 r. Godz. 7:15 SZPITAL: W int. PARAFIAN Godz. 7:00 1. Dzi\u0119kczynna w 18. rocz. urodzin Cypriana Kosek z pro\u015bb\u0105 o Bo\u017ce b\u0142og., dary Ducha \u015awi\u0119tego, opiek\u0119 Matki Bo\u017cej, zdrowie i wszelkie potrzebne \u0142aski na dalsze \u017cycie &hellip;<\/p>\n","protected":false},"author":1,"featured_media":0,"parent":0,"menu_order":0,"comment_status":"closed","ping_status":"closed","template":"","meta":[],"_links":{"self":[{"href":"http:\/\/olesnicaslw.archidiecezja.wroc.pl\/index.php\/wp-json\/wp\/v2\/pages\/154"}],"collection":[{"href":"http:\/\/olesnicaslw.archidiecezja.wroc.pl\/index.php\/wp-json\/wp\/v2\/pages"}],"about":[{"href":"http:\/\/olesnicaslw.archidiecezja.wroc.pl\/index.php\/wp-json\/wp\/v2\/types\/page"}],"author":[{"embeddable":true,"href":"http:\/\/olesnicaslw.archidiecezja.wroc.pl\/index.php\/wp-json\/wp\/v2\/users\/1"}],"replies":[{"embeddable":true,"href":"http:\/\/olesnicaslw.archidiecezja.wroc.pl\/index.php\/wp-json\/wp\/v2\/comments?post=154"}],"version-history":[{"count":627,"href":"http:\/\/olesnicaslw.archidiecezja.wroc.pl\/index.php\/wp-json\/wp\/v2\/pages\/154\/revisions"}],"predecessor-version":[{"id":6246,"href":"http:\/\/olesnicaslw.archidiecezja.wroc.pl\/index.php\/wp-json\/wp\/v2\/pages\/154\/revisions\/6246"}],"wp:attachment":[{"href":"http:\/\/olesnicaslw.archidiecezja.wroc.pl\/index.php\/wp-json\/wp\/v2\/media?parent=154"}],"curies":[{"name":"wp","href":"https:\/\/api.w.org\/{rel}","templated":true}]}}